{"id":1017,"date":"2024-12-07T09:32:58","date_gmt":"2024-12-07T08:32:58","guid":{"rendered":"https:\/\/mindynamic.com\/de\/impressum\/"},"modified":"2025-12-29T07:15:50","modified_gmt":"2025-12-29T06:15:50","slug":"impressum","status":"publish","type":"page","link":"https:\/\/mindynamic.com\/de\/impressum\/","title":{"rendered":"Impressum"},"content":{"rendered":"<div class=\"kb-row-layout-wrap kb-row-layout-id1017_8815b7-54 alignnone wp-block-kadence-rowlayout\"><div class=\"kt-row-column-wrap kt-has-1-columns kt-row-layout-equal kt-tab-layout-inherit kt-mobile-layout-row kt-row-valign-top\">\n\n<div class=\"wp-block-kadence-column kadence-column1017_c6323a-9c\"><div class=\"kt-inside-inner-col\">\n<h3 class=\"wp-block-heading has--font-size\">Verantwortlich f\u00fcr den Inhalt<\/h3>\n\n\n\n<p class=\"has--font-size\" style=\"margin-top:0;margin-bottom:0;padding-top:0;padding-bottom:0\">Mindynamic GmbH<\/p>\n\n\n\n<p class=\"has--font-size\" style=\"margin-top:0;margin-bottom:0;padding-top:0;padding-bottom:0\">Kirchlindachstrasse 8<\/p>\n\n\n\n<p class=\"has--font-size\" style=\"margin-top:0;margin-bottom:0;padding-top:0;padding-bottom:0\">3052 Zollikofen<\/p>\n\n\n\n<p class=\"has--font-size\" style=\"margin-top:0;margin-bottom:0;padding-top:0;padding-bottom:0\">Schweiz<\/p>\n\n\n\n<p class=\"has--font-size\" style=\"margin-top:0;margin-bottom:0;padding-top:0;padding-bottom:0\">E-Mail: <a href=\"http:\/\/E-Mail:&nbsp;contact@mindynamic.com\">contact@mindynamic.com<\/a><\/p>\n\n\n\n<p class=\"has--font-size\" style=\"margin-top:0;margin-bottom:0;padding-top:0;padding-bottom:0\">Tel.: +41 31 561 93 44<\/p>\n\n\n\n<figure class=\"wp-block-image size-full\" style=\"margin-top:var(--wp--preset--spacing--medium);margin-bottom:var(--wp--preset--spacing--medium)\"><img loading=\"lazy\" decoding=\"async\" width=\"105\" height=\"103\" src=\"https:\/\/mindynamic.com\/de\/wp-content\/uploads\/sites\/3\/2024\/12\/download.png\" alt=\"\" class=\"wp-image-1043\"\/><\/figure>\n\n\n\n<h4 class=\"wp-block-heading has--font-size\">Legally ok &#8211; Datenschutzl\u00f6sung f\u00fcr Websites &#8211; Datenschutzerkl\u00e4rung, Impressum, Cookie-Banner<\/h4>\n\n\n\n<p class=\"has--font-size\">Die Datenschutzerkl\u00e4rung und das Impressum dieser Website wurden kostenlos mit der All-in-One Website Datenschutzl\u00f6sung&nbsp;<a href=\"https:\/\/www.legally-ok.com\/dse-legally-free\/\">Legally ok<\/a>&nbsp;erstellt.<\/p>\n<\/div><\/div>\n\n<\/div><\/div>","protected":false},"excerpt":{"rendered":"<p>Verantwortlich f\u00fcr den Inhalt Mindynamic GmbH Kirchlindachstrasse 8 3052 Zollikofen Schweiz E-Mail: contact@mindynamic.com Tel.: +41 31 561 93 44 Legally ok &#8211; Datenschutzl\u00f6sung f\u00fcr Websites &#8211; Datenschutzerkl\u00e4rung, Impressum, Cookie-Banner Die Datenschutzerkl\u00e4rung und das Impressum dieser Website wurden kostenlos mit der All-in-One Website Datenschutzl\u00f6sung&nbsp;Legally ok&nbsp;erstellt.<\/p>\n","protected":false},"author":1,"featured_media":0,"parent":0,"menu_order":0,"comment_status":"close","ping_status":"closed","template":"","meta":{"footnotes":""},"class_list":["post-1017","page","type-page","status-publish","hentry"],"_links":{"self":[{"href":"https:\/\/mindynamic.com\/de\/wp-json\/wp\/v2\/pages\/1017","targetHints":{"allow":["GET"]}}],"collection":[{"href":"https:\/\/mindynamic.com\/de\/wp-json\/wp\/v2\/pages"}],"about":[{"href":"https:\/\/mindynamic.com\/de\/wp-json\/wp\/v2\/types\/page"}],"author":[{"embeddable":true,"href":"https:\/\/mindynamic.com\/de\/wp-json\/wp\/v2\/users\/1"}],"replies":[{"embeddable":true,"href":"https:\/\/mindynamic.com\/de\/wp-json\/wp\/v2\/comments?post=1017"}],"version-history":[{"count":10,"href":"https:\/\/mindynamic.com\/de\/wp-json\/wp\/v2\/pages\/1017\/revisions"}],"predecessor-version":[{"id":1450,"href":"https:\/\/mindynamic.com\/de\/wp-json\/wp\/v2\/pages\/1017\/revisions\/1450"}],"wp:attachment":[{"href":"https:\/\/mindynamic.com\/de\/wp-json\/wp\/v2\/media?parent=1017"}],"curies":[{"name":"wp","href":"https:\/\/api.w.org\/{rel}","templated":true}]}}