{"id":21,"date":"2024-11-11T11:48:49","date_gmt":"2024-11-11T10:48:49","guid":{"rendered":"https:\/\/mindynamic.com\/de\/?page_id=21"},"modified":"2025-07-30T11:37:23","modified_gmt":"2025-07-30T09:37:23","slug":"ueber-uns","status":"publish","type":"page","link":"https:\/\/mindynamic.com\/de\/ueber-uns\/","title":{"rendered":"\u00dcber uns"},"content":{"rendered":"<div class=\"kb-row-layout-wrap kb-row-layout-id21_584df6-db alignnone wp-block-kadence-rowlayout\"><div class=\"kt-row-column-wrap kt-has-1-columns kt-row-layout-equal kt-tab-layout-inherit kt-mobile-layout-row kt-row-valign-top\">\n\n<div class=\"wp-block-kadence-column kadence-column21_f27271-96\"><div class=\"kt-inside-inner-col\">\n<h2 class=\"wp-block-heading has-main-color has-text-color has-link-color wp-elements-b82097acc6591e00b253a2e64f32119a\" style=\"margin-top:var(--wp--preset--spacing--small);margin-right:0;margin-bottom:var(--wp--preset--spacing--small);margin-left:0;padding-top:0;padding-bottom:0\">IT-Exzellenz aus der Schweiz<\/h2>\n\n\n\n<p>Mindynamic GmbH steht f\u00fcr innovative IT-L\u00f6sungen, massgeschneiderte Beratung und tiefgreifende Expertise in den Bereichen Cloud, Sicherheit und Daten. Unser Schwerpunkt liegt im DACH-Raum (Deutschland, \u00d6sterreich, Schweiz), doch wir unterst\u00fctzen auch Unternehmen in ganz Europa bei ihrer digitalen Transformation. Mit Leidenschaft, Pr\u00e4zision und nachhaltigen L\u00f6sungen sind wir Ihr zuverl\u00e4ssiger Partner f\u00fcr zukunftssichere IT. Lernen Sie unser Team und unsere Vision kennen..<\/p>\n\n\n\n<div class=\"wp-block-kadence-advancedbtn kb-buttons-wrap kb-btns21_e2c444-48\"><a class=\"kb-button kt-button button kb-btn21_0b63a6-70 kt-btn-size-standard kt-btn-width-type-auto kb-btn-global-fill kt-btn-has-text-true kt-btn-has-svg-false  wp-block-kadence-singlebtn\" href=\"\/de\/kontakt\/\"><span class=\"kt-btn-inner-text\">Unverbindlichen Termin vereinbaren<\/span><\/a><\/div>\n\n\n\n<div class=\"wp-block-kadence-spacer aligncenter kt-block-spacer-21_dd44fd-b0\"><div class=\"kt-block-spacer kt-block-spacer-halign-center\"><hr class=\"kt-divider\"\/><\/div><\/div>\n<\/div><\/div>\n\n<\/div><\/div>\n\n<div class=\"kb-row-layout-wrap kb-row-layout-id21_29346c-f0 alignfull has-theme-palette9-background-color kt-row-has-bg wp-block-kadence-rowlayout\"><div class=\"kt-row-column-wrap kt-has-2-columns kt-row-layout-equal kt-tab-layout-row kt-mobile-layout-row kt-row-valign-middle\">\n\n<div class=\"wp-block-kadence-column kadence-column21_d7fc55-7c inner-column-1\"><div class=\"kt-inside-inner-col\">\n<figure class=\"wp-block-kadence-image kb-image21_e7cb27-04 kb-image-is-ratio-size\"><div class=\"kb-is-ratio-image kb-image-ratio-land43\"><img loading=\"lazy\" decoding=\"async\" width=\"1920\" height=\"1246\" src=\"https:\/\/mindynamic.com\/de\/wp-content\/uploads\/sites\/3\/2024\/11\/computer-2982270_1920.jpg\" alt=\"\" class=\"kb-img wp-image-553\" srcset=\"https:\/\/mindynamic.com\/de\/wp-content\/uploads\/sites\/3\/2024\/11\/computer-2982270_1920.jpg 1920w, https:\/\/mindynamic.com\/de\/wp-content\/uploads\/sites\/3\/2024\/11\/computer-2982270_1920-300x195.jpg 300w, https:\/\/mindynamic.com\/de\/wp-content\/uploads\/sites\/3\/2024\/11\/computer-2982270_1920-1024x665.jpg 1024w, https:\/\/mindynamic.com\/de\/wp-content\/uploads\/sites\/3\/2024\/11\/computer-2982270_1920-768x498.jpg 768w, https:\/\/mindynamic.com\/de\/wp-content\/uploads\/sites\/3\/2024\/11\/computer-2982270_1920-1536x997.jpg 1536w\" sizes=\"auto, (max-width: 1920px) 100vw, 1920px\" \/><\/div><\/figure>\n<\/div><\/div>\n\n\n\n<div class=\"wp-block-kadence-column kadence-column21_668a8f-02 inner-column-2\"><div class=\"kt-inside-inner-col\">\n<h3 class=\"wp-block-heading has--font-size\" style=\"padding-top:0\">Unsere Identit\u00e4t<\/h3>\n\n\n\n<p class=\"has--font-size\">Die Mindynamic GmbH ist eine spezialisierte IT-Consulting-Firma, die Unternehmen dabei unterst\u00fctzt, ihre IT-Infrastruktur zu modernisieren und zukunftssicher zu gestalten. Unser Fokus liegt auf den Bereichen <strong>Cloud<\/strong>, <strong>Security<\/strong> und <strong>Data<\/strong> \u2013 den Kernkompetenzen, die heute entscheidend f\u00fcr Erfolg und Sicherheit in der digitalen Welt sind.<\/p>\n\n\n\n<p class=\"has--font-size\">Dabei achten wir stets darauf, ressourcenschonende und zukunftsorientierte L\u00f6sungen zu entwickeln, die nicht nur Ihrem Unternehmen, sondern auch der Umwelt zugutekommen. Gemeinsam verfolgen wir ein Ziel: L\u00f6sungen zu schaffen, die einen echten Unterschied machen \u2013 f\u00fcr Ihr Unternehmen und f\u00fcr eine nachhaltige Zukunft.<\/p>\n<\/div><\/div>\n\n<\/div><\/div>\n\n\n<div class=\"wp-block-kadence-spacer aligncenter kt-block-spacer-21_29db17-f9\"><div class=\"kt-block-spacer kt-block-spacer-halign-center\"><hr class=\"kt-divider\"\/><\/div><\/div>\n\n\n<div class=\"kb-row-layout-wrap kb-row-layout-id21_24f918-64 alignfull has-theme-palette9-background-color kt-row-has-bg wp-block-kadence-rowlayout\"><div class=\"kt-row-column-wrap kt-has-2-columns kt-row-layout-equal kt-tab-layout-row kt-mobile-layout-row kt-row-valign-middle\">\n\n<div class=\"wp-block-kadence-column kadence-column21_e33ce5-0e inner-column-2\"><div class=\"kt-inside-inner-col\">\n<h3 class=\"wp-block-heading has--font-size\">Unsere Mission<\/h3>\n\n\n\n<p class=\"has--font-size\">Wir helfen Unternehmen dabei, ihre IT-Herausforderungen zu meistern und das volle Potenzial ihrer Daten und Systeme auszusch\u00f6pfen. Mit massgeschneiderten L\u00f6sungen, modernster Technologie und einem klaren Fokus auf Sicherheit sorgen wir daf\u00fcr, dass unsere Kunden nicht nur mithalten, sondern vorausgehen.<\/p>\n<\/div><\/div>\n\n\n\n<div class=\"wp-block-kadence-column kadence-column21_beca02-8c inner-column-1\"><div class=\"kt-inside-inner-col\">\n<figure class=\"wp-block-kadence-image kb-image21_42ed18-e2 kb-image-is-ratio-size\"><div class=\"kb-is-ratio-image kb-image-ratio-land43\"><img loading=\"lazy\" decoding=\"async\" width=\"1920\" height=\"1278\" src=\"https:\/\/mindynamic.com\/de\/wp-content\/uploads\/sites\/3\/2024\/11\/road-6745746_1920.jpg\" alt=\"\" class=\"kb-img wp-image-490\" srcset=\"https:\/\/mindynamic.com\/de\/wp-content\/uploads\/sites\/3\/2024\/11\/road-6745746_1920.jpg 1920w, https:\/\/mindynamic.com\/de\/wp-content\/uploads\/sites\/3\/2024\/11\/road-6745746_1920-300x200.jpg 300w, https:\/\/mindynamic.com\/de\/wp-content\/uploads\/sites\/3\/2024\/11\/road-6745746_1920-1024x682.jpg 1024w, https:\/\/mindynamic.com\/de\/wp-content\/uploads\/sites\/3\/2024\/11\/road-6745746_1920-768x511.jpg 768w, https:\/\/mindynamic.com\/de\/wp-content\/uploads\/sites\/3\/2024\/11\/road-6745746_1920-1536x1022.jpg 1536w\" sizes=\"auto, (max-width: 1920px) 100vw, 1920px\" \/><\/div><\/figure>\n<\/div><\/div>\n\n<\/div><\/div>\n\n\n<div class=\"wp-block-kadence-spacer aligncenter kt-block-spacer-21_4266e1-6d\"><div class=\"kt-block-spacer kt-block-spacer-halign-center\"><hr class=\"kt-divider\"\/><\/div><\/div>\n\n\n<div class=\"kb-row-layout-wrap kb-row-layout-id21_16b173-87 alignfull has-theme-palette9-background-color kt-row-has-bg wp-block-kadence-rowlayout\"><div class=\"kt-row-column-wrap kt-has-2-columns kt-row-layout-equal kt-tab-layout-row kt-mobile-layout-row kt-row-valign-middle\">\n\n<div class=\"wp-block-kadence-column kadence-column21_57e426-69 inner-column-1\"><div class=\"kt-inside-inner-col\">\n<figure class=\"wp-block-kadence-image kb-image21_6a367b-43 kb-image-is-ratio-size\"><div class=\"kb-is-ratio-image kb-image-ratio-land43\"><img loading=\"lazy\" decoding=\"async\" width=\"1920\" height=\"1280\" src=\"https:\/\/mindynamic.com\/de\/wp-content\/uploads\/sites\/3\/2024\/11\/handshake-3962172_1920.jpg\" alt=\"\" class=\"kb-img wp-image-491\" srcset=\"https:\/\/mindynamic.com\/de\/wp-content\/uploads\/sites\/3\/2024\/11\/handshake-3962172_1920.jpg 1920w, https:\/\/mindynamic.com\/de\/wp-content\/uploads\/sites\/3\/2024\/11\/handshake-3962172_1920-300x200.jpg 300w, https:\/\/mindynamic.com\/de\/wp-content\/uploads\/sites\/3\/2024\/11\/handshake-3962172_1920-1024x683.jpg 1024w, https:\/\/mindynamic.com\/de\/wp-content\/uploads\/sites\/3\/2024\/11\/handshake-3962172_1920-768x512.jpg 768w, https:\/\/mindynamic.com\/de\/wp-content\/uploads\/sites\/3\/2024\/11\/handshake-3962172_1920-1536x1024.jpg 1536w\" sizes=\"auto, (max-width: 1920px) 100vw, 1920px\" \/><\/div><\/figure>\n<\/div><\/div>\n\n\n\n<div class=\"wp-block-kadence-column kadence-column21_b610ae-6c inner-column-2\"><div class=\"kt-inside-inner-col\">\n<h3 class=\"wp-block-heading has--font-size\">Warum Mindynamic?<\/h3>\n\n\n\n<p class=\"has--font-size\"><strong>Expertenwissen:<\/strong> Mit jahrelanger Erfahrung in IT-Architektur, Datensicherheit und Plattformimplementierung bieten wir Ihnen fundierte und praxisorientierte Beratung.<\/p>\n\n\n\n<p class=\"has--font-size\"><strong>Individuelle L\u00f6sungen:<\/strong> Jedes Unternehmen ist einzigartig \u2013 und genauso gestalten wir unsere Ans\u00e4tze. Kein &#171;One-Size-Fits-All&#187;, sondern massgeschneiderte Konzepte.<\/p>\n\n\n\n<p class=\"has--font-size\"><strong>Partnerschaft auf Augenh\u00f6he:<\/strong> F\u00fcr uns steht Vertrauen und langfristige Zusammenarbeit im Vordergrund. Wir sind nicht nur Berater, sondern Ihr Partner.<\/p>\n<\/div><\/div>\n\n<\/div><\/div>\n\n\n<div class=\"wp-block-kadence-spacer aligncenter kt-block-spacer-21_dd467e-b4\"><div class=\"kt-block-spacer kt-block-spacer-halign-center\"><hr class=\"kt-divider\"\/><\/div><\/div>\n\n\n<div class=\"kb-row-layout-wrap kb-row-layout-id21_0d873c-9d alignfull has-theme-palette9-background-color kt-row-has-bg wp-block-kadence-rowlayout\"><div class=\"kt-row-column-wrap kt-has-2-columns kt-row-layout-equal kt-tab-layout-row kt-mobile-layout-row kt-row-valign-middle\">\n\n<div class=\"wp-block-kadence-column kadence-column21_aca7e0-41 inner-column-2\"><div class=\"kt-inside-inner-col\">\n<h3 class=\"wp-block-heading has--font-size\">Unser Team<\/h3>\n\n\n\n<p class=\"has--font-size\">Hinter der Mindynamic GmbH steht ein erfahrenes, dynamisches Team von IT-Spezialisten, die mit Leidenschaft und Fachwissen an Ihrer Seite arbeiten. Jeder von uns bringt eine einzigartige Kombination aus technischer Expertise, strategischem Denken und praktischer Erfahrung mit. Gemeinsam verfolgen wir ein Ziel: L\u00f6sungen zu schaffen, die einen echten Unterschied machen.<\/p>\n<\/div><\/div>\n\n\n\n<div class=\"wp-block-kadence-column kadence-column21_57938b-f9 inner-column-1\"><div class=\"kt-inside-inner-col\">\n<figure class=\"wp-block-kadence-image kb-image21_c29e2f-72 kb-image-is-ratio-size\"><div class=\"kb-is-ratio-image kb-image-ratio-land43\"><img loading=\"lazy\" decoding=\"async\" width=\"1920\" height=\"1211\" src=\"https:\/\/mindynamic.com\/de\/wp-content\/uploads\/sites\/3\/2024\/11\/teamwork-3213924_1920.jpg\" alt=\"\" class=\"kb-img wp-image-493\" srcset=\"https:\/\/mindynamic.com\/de\/wp-content\/uploads\/sites\/3\/2024\/11\/teamwork-3213924_1920.jpg 1920w, https:\/\/mindynamic.com\/de\/wp-content\/uploads\/sites\/3\/2024\/11\/teamwork-3213924_1920-300x189.jpg 300w, https:\/\/mindynamic.com\/de\/wp-content\/uploads\/sites\/3\/2024\/11\/teamwork-3213924_1920-1024x646.jpg 1024w, https:\/\/mindynamic.com\/de\/wp-content\/uploads\/sites\/3\/2024\/11\/teamwork-3213924_1920-768x484.jpg 768w, https:\/\/mindynamic.com\/de\/wp-content\/uploads\/sites\/3\/2024\/11\/teamwork-3213924_1920-1536x969.jpg 1536w\" sizes=\"auto, (max-width: 1920px) 100vw, 1920px\" \/><\/div><\/figure>\n<\/div><\/div>\n\n<\/div><\/div>\n\n\n<div class=\"wp-block-kadence-spacer aligncenter kt-block-spacer-21_57aad9-82\"><div class=\"kt-block-spacer kt-block-spacer-halign-center\"><hr class=\"kt-divider\"\/><\/div><\/div>\n\n\n<div class=\"kb-row-layout-wrap kb-row-layout-id21_e988d9-fe alignfull has-theme-palette9-background-color kt-row-has-bg wp-block-kadence-rowlayout\"><div class=\"kt-row-column-wrap kt-has-2-columns kt-row-layout-equal kt-tab-layout-row kt-mobile-layout-row kt-row-valign-middle\">\n\n<div class=\"wp-block-kadence-column kadence-column21_1e1af6-df inner-column-1\"><div class=\"kt-inside-inner-col\">\n<figure class=\"wp-block-kadence-image kb-image21_e30c32-b8 kb-image-is-ratio-size\"><div class=\"kb-is-ratio-image kb-image-ratio-land43\"><img loading=\"lazy\" decoding=\"async\" width=\"1920\" height=\"1194\" src=\"https:\/\/mindynamic.com\/de\/wp-content\/uploads\/sites\/3\/2024\/11\/lightbulb-2631864_1920.jpg\" alt=\"\" class=\"kb-img wp-image-492\" srcset=\"https:\/\/mindynamic.com\/de\/wp-content\/uploads\/sites\/3\/2024\/11\/lightbulb-2631864_1920.jpg 1920w, https:\/\/mindynamic.com\/de\/wp-content\/uploads\/sites\/3\/2024\/11\/lightbulb-2631864_1920-300x187.jpg 300w, https:\/\/mindynamic.com\/de\/wp-content\/uploads\/sites\/3\/2024\/11\/lightbulb-2631864_1920-1024x637.jpg 1024w, https:\/\/mindynamic.com\/de\/wp-content\/uploads\/sites\/3\/2024\/11\/lightbulb-2631864_1920-768x478.jpg 768w, https:\/\/mindynamic.com\/de\/wp-content\/uploads\/sites\/3\/2024\/11\/lightbulb-2631864_1920-1536x955.jpg 1536w\" sizes=\"auto, (max-width: 1920px) 100vw, 1920px\" \/><\/div><\/figure>\n<\/div><\/div>\n\n\n\n<div class=\"wp-block-kadence-column kadence-column21_512e6b-4c inner-column-2\"><div class=\"kt-inside-inner-col\">\n<h3 class=\"wp-block-heading has--font-size\">Unsere Werte<\/h3>\n\n\n\n<p class=\"has--font-size\"><strong>Innovation:<\/strong> Wir suchen immer nach der besten L\u00f6sung f\u00fcr unsere Kunden \u2013 und denken dabei \u00fcber den Tellerrand hinaus<\/p>\n\n\n\n<p class=\"has--font-size\"><strong>Qualit\u00e4t:<\/strong> Keine Kompromisse \u2013 unser Ziel ist es, die besten Ergebnisse f\u00fcr Ihr Unternehmen zu erzielen.<\/p>\n\n\n\n<p class=\"has--font-size\"><strong>Transparenz:<\/strong> Offene Kommunikation und ehrliche Beratung sind die Grundlage unserer Arbeit.<\/p>\n\n\n\n<p class=\"has--font-size\"><strong>Nachhaltigkeit:<\/strong> Wir legen grossen Wert darauf, umweltfreundliche IT-Strategien zu entwickeln, die Effizienz und Umweltbewusstsein miteinander verbinden.<\/p>\n<\/div><\/div>\n\n<\/div><\/div>\n\n\n<div class=\"wp-block-kadence-spacer aligncenter kt-block-spacer-21_92028f-b3\"><div class=\"kt-block-spacer kt-block-spacer-halign-center\"><hr class=\"kt-divider\"\/><\/div><\/div>\n\n\n<div class=\"kb-row-layout-wrap kb-row-layout-id21_c448f3-2c alignfull has-theme-palette9-background-color kt-row-has-bg wp-block-kadence-rowlayout\"><div class=\"kt-row-column-wrap kt-has-2-columns kt-row-layout-equal kt-tab-layout-row kt-mobile-layout-row kt-row-valign-middle\">\n\n<div class=\"wp-block-kadence-column kadence-column21_d197d2-82 inner-column-2\"><div class=\"kt-inside-inner-col\">\n<h3 class=\"wp-block-heading has--font-size\"><strong>Lernen Sie uns kennen<\/strong><\/h3>\n\n\n\n<p class=\"has--font-size\">M\u00f6chten Sie mehr \u00fcber unsere Dienstleistungen erfahren oder gemeinsam mit uns die n\u00e4chsten Schritte in Ihrer IT-Strategie planen? Vereinbaren Sie jetzt ein kostenloses Kennenlerngespr\u00e4ch und lassen Sie uns gemeinsam die Zukunft gestalten.<\/p>\n\n\n\n<div class=\"wp-block-kadence-advancedbtn kb-buttons-wrap kb-btns21_a9a130-a3\"><a class=\"kb-button kt-button button kb-btn21_269ca7-98 kt-btn-size-standard kt-btn-width-type-auto kb-btn-global-fill kt-btn-has-text-true kt-btn-has-svg-false  wp-block-kadence-singlebtn\" href=\"\/de\/kontakt\/\"><span class=\"kt-btn-inner-text\">Termin buchen<\/span><\/a><\/div>\n<\/div><\/div>\n\n\n\n<div class=\"wp-block-kadence-column kadence-column21_ae555b-03 inner-column-1\"><div class=\"kt-inside-inner-col\">\n<figure class=\"wp-block-kadence-image kb-image21_8dae8f-a5 kb-image-is-ratio-size\"><div class=\"kb-is-ratio-image kb-image-ratio-land43\"><img loading=\"lazy\" decoding=\"async\" width=\"1920\" height=\"1280\" src=\"https:\/\/mindynamic.com\/de\/wp-content\/uploads\/sites\/3\/2024\/11\/gesture_Logo-6810129_1920.png\" alt=\"\" class=\"kb-img wp-image-504\" srcset=\"https:\/\/mindynamic.com\/de\/wp-content\/uploads\/sites\/3\/2024\/11\/gesture_Logo-6810129_1920.png 1920w, https:\/\/mindynamic.com\/de\/wp-content\/uploads\/sites\/3\/2024\/11\/gesture_Logo-6810129_1920-300x200.png 300w, https:\/\/mindynamic.com\/de\/wp-content\/uploads\/sites\/3\/2024\/11\/gesture_Logo-6810129_1920-1024x683.png 1024w, https:\/\/mindynamic.com\/de\/wp-content\/uploads\/sites\/3\/2024\/11\/gesture_Logo-6810129_1920-768x512.png 768w, https:\/\/mindynamic.com\/de\/wp-content\/uploads\/sites\/3\/2024\/11\/gesture_Logo-6810129_1920-1536x1024.png 1536w\" sizes=\"auto, (max-width: 1920px) 100vw, 1920px\" \/><\/div><\/figure>\n<\/div><\/div>\n\n<\/div><\/div>\n\n\n<div class=\"wp-block-kadence-spacer aligncenter kt-block-spacer-21_84c69f-af\"><div class=\"kt-block-spacer kt-block-spacer-halign-center\"><hr class=\"kt-divider\"\/><\/div><\/div>\n\n\n<div class=\"kb-row-layout-wrap kb-row-layout-id21_d8b8cd-a9 alignnone wp-block-kadence-rowlayout\"><div class=\"kt-row-column-wrap kt-has-2-columns kt-row-layout-row kt-tab-layout-inherit kt-mobile-layout-row kt-row-valign-top\">\n\n<div class=\"wp-block-kadence-column kadence-column21_bcafbc-5d\"><div class=\"kt-inside-inner-col\">\n<h2 class=\"wp-block-heading\">Dienstleistungspartner<\/h2>\n<\/div><\/div>\n\n\n\n<div class=\"wp-block-kadence-column kadence-column21_ac1714-71\"><div class=\"kt-inside-inner-col\">\n<figure class=\"wp-block-image size-medium has-custom-border\"><a href=\"https:\/\/it-logix.ch\"><img loading=\"lazy\" decoding=\"async\" width=\"300\" height=\"98\" src=\"https:\/\/mindynamic.com\/de\/wp-content\/uploads\/sites\/3\/2025\/02\/IT_Logix_Logo-_5000x1636_-300x98.jpg\" alt=\"\" class=\"has-border-color has-main-border-color wp-image-1393\" style=\"border-width:1px\" srcset=\"https:\/\/mindynamic.com\/de\/wp-content\/uploads\/sites\/3\/2025\/02\/IT_Logix_Logo-_5000x1636_-300x98.jpg 300w, https:\/\/mindynamic.com\/de\/wp-content\/uploads\/sites\/3\/2025\/02\/IT_Logix_Logo-_5000x1636_-1024x335.jpg 1024w, https:\/\/mindynamic.com\/de\/wp-content\/uploads\/sites\/3\/2025\/02\/IT_Logix_Logo-_5000x1636_-768x251.jpg 768w, https:\/\/mindynamic.com\/de\/wp-content\/uploads\/sites\/3\/2025\/02\/IT_Logix_Logo-_5000x1636_-1536x503.jpg 1536w, https:\/\/mindynamic.com\/de\/wp-content\/uploads\/sites\/3\/2025\/02\/IT_Logix_Logo-_5000x1636_-2048x670.jpg 2048w\" sizes=\"auto, (max-width: 300px) 100vw, 300px\" \/><\/a><\/figure>\n\n\n\n<p>Durch gezielte Integration und Auswertung von Daten hilft IT-Logix Unternehmen dabei, ihre Wettbewerbsf\u00e4higkeit zu steigern.\u202fAngefangen bei einer umsetzbaren BI-Strategie- und Organisationsberatung, begleitet IT-Logix ihre Kunden bei der BI-spezifischen Anforderungsanalyse und dem Aufbau einer nachhaltigen Architektur. Die anschliessende Integration der Daten bietet die Grundlage f\u00fcr den agilen Aufbau einer auf die Kundenbed\u00fcrfnisse zugeschnittenen Datenanalyse-L\u00f6sung und f\u00fcr weitere Unterst\u00fctzung in den Bereichen Data Science \/ AI und Datenvisualisierung. Angebote f\u00fcr Schulungen, Wartung und Betrieb der L\u00f6sung runden das Angebot ab.<\/p>\n\n\n\n<p><a href=\"https:\/\/it-logix.ch\">Zur Webseite<\/a><\/p>\n<\/div><\/div>\n\n<\/div><\/div>","protected":false},"excerpt":{"rendered":"<p>IT-Exzellenz aus der Schweiz Mindynamic GmbH steht f\u00fcr innovative IT-L\u00f6sungen, massgeschneiderte Beratung und tiefgreifende Expertise in den Bereichen Cloud, Sicherheit und Daten. Unser Schwerpunkt liegt im DACH-Raum (Deutschland, \u00d6sterreich, Schweiz), doch wir unterst\u00fctzen auch Unternehmen in ganz Europa bei ihrer digitalen Transformation. Mit Leidenschaft, Pr\u00e4zision und nachhaltigen L\u00f6sungen sind wir Ihr zuverl\u00e4ssiger Partner f\u00fcr zukunftssichere [&hellip;]<\/p>\n","protected":false},"author":1,"featured_media":0,"parent":0,"menu_order":4,"comment_status":"closed","ping_status":"closed","template":"","meta":{"footnotes":""},"class_list":["post-21","page","type-page","status-publish","hentry"],"_links":{"self":[{"href":"https:\/\/mindynamic.com\/de\/wp-json\/wp\/v2\/pages\/21","targetHints":{"allow":["GET"]}}],"collection":[{"href":"https:\/\/mindynamic.com\/de\/wp-json\/wp\/v2\/pages"}],"about":[{"href":"https:\/\/mindynamic.com\/de\/wp-json\/wp\/v2\/types\/page"}],"author":[{"embeddable":true,"href":"https:\/\/mindynamic.com\/de\/wp-json\/wp\/v2\/users\/1"}],"replies":[{"embeddable":true,"href":"https:\/\/mindynamic.com\/de\/wp-json\/wp\/v2\/comments?post=21"}],"version-history":[{"count":150,"href":"https:\/\/mindynamic.com\/de\/wp-json\/wp\/v2\/pages\/21\/revisions"}],"predecessor-version":[{"id":1433,"href":"https:\/\/mindynamic.com\/de\/wp-json\/wp\/v2\/pages\/21\/revisions\/1433"}],"wp:attachment":[{"href":"https:\/\/mindynamic.com\/de\/wp-json\/wp\/v2\/media?parent=21"}],"curies":[{"name":"wp","href":"https:\/\/api.w.org\/{rel}","templated":true}]}}