{"id":23,"date":"2024-11-11T11:49:06","date_gmt":"2024-11-11T10:49:06","guid":{"rendered":"https:\/\/mindynamic.com\/de\/?page_id=23"},"modified":"2024-12-12T18:41:15","modified_gmt":"2024-12-12T17:41:15","slug":"angebote","status":"publish","type":"page","link":"https:\/\/mindynamic.com\/de\/angebote\/","title":{"rendered":"Angebote"},"content":{"rendered":"<div class=\"kb-row-layout-wrap kb-row-layout-id23_6afa9b-ac alignfull has-theme-palette9-background-color kt-row-has-bg wp-block-kadence-rowlayout\"><div class=\"kt-row-column-wrap kt-has-3-columns kt-row-layout-row kt-tab-layout-inherit kt-mobile-layout-row kt-row-valign-top\">\n\n<div class=\"wp-block-kadence-column kadence-column23_3e3863-11\"><div class=\"kt-inside-inner-col\">\n<h2 class=\"wp-block-heading has-xl-font-size has-text-color has-link-color wp-elements-64a40199b847424a710939e2bb21ed68\" style=\"color:#000000;margin-top:var(--wp--preset--spacing--medium);margin-bottom:var(--wp--preset--spacing--medium);padding-top:0;padding-bottom:0\">Unser Service &#8211; Ihr Erfolg<\/h2>\n\n\n\n<p class=\"has--font-size\">Bei Mindynamic stehen Ihre individuellen Anforderungen im Mittelpunkt. Ob Sie umfassende Enterprise-Services ben\u00f6tigen, Unterst\u00fctzung bei einem IT-Projekt suchen oder eine zuverl\u00e4ssige Leitung f\u00fcr Ihre komplexen Vorhaben \u2013 wir sind Ihr kompetenter Partner. Mit unserer Expertise begleiten wir Sie von der Strategie bis zur Umsetzung und bieten Ihnen zudem erstklassigen Support f\u00fcr eine reibungslose IT-Performance. Gemeinsam schaffen wir L\u00f6sungen, die \u00fcberzeugen.<\/p>\n\n\n\n<div class=\"wp-block-kadence-advancedbtn kb-buttons-wrap kb-btns23_4884ca-8f\"><a class=\"kb-button kt-button button kb-btn23_f2398b-72 kt-btn-size-standard kt-btn-width-type-auto kb-btn-global-inherit kt-btn-has-text-true kt-btn-has-svg-false  wp-block-button__link wp-block-kadence-singlebtn\" href=\"\/de\/kontakt\/\"><span class=\"kt-btn-inner-text\">Unverbindlichen Termin vereinbaren<\/span><\/a><\/div>\n\n\n\n<div class=\"wp-block-kadence-spacer aligncenter kt-block-spacer-23_01b39a-e3\"><div class=\"kt-block-spacer kt-block-spacer-halign-center\"><hr class=\"kt-divider\"\/><\/div><\/div>\n<\/div><\/div>\n\n\n\n<div class=\"wp-block-kadence-column kadence-column23_598cc2-bc\"><div class=\"kt-inside-inner-col\"><div class=\"kb-row-layout-wrap kb-row-layout-id23_02276d-c4 alignnone wp-block-kadence-rowlayout\"><div class=\"kt-row-column-wrap kt-has-2-columns kt-row-layout-equal kt-tab-layout-inherit kt-mobile-layout-row kt-row-valign-top kt-inner-column-height-full\">\n\n<div class=\"wp-block-kadence-column kadence-column23_4083d7-1c\"><div class=\"kt-inside-inner-col\">\n<figure class=\"wp-block-kadence-image kb-image23_a6bd58-cd kb-image-is-ratio-size\"><div class=\"kb-is-ratio-image kb-image-ratio-land169\"><img loading=\"lazy\" decoding=\"async\" width=\"2560\" height=\"1732\" src=\"https:\/\/mindynamic.com\/de\/wp-content\/uploads\/sites\/3\/2024\/12\/three-professionals-engage-in-a-lively-business-discussion-at-a-modern-office-desk-focusing-on-teamwork.-6930542-scaled.jpg\" alt=\"Three professionals engage in a lively business discussion at a modern office desk, focusing on teamwork.\" class=\"kb-img wp-image-968\" srcset=\"https:\/\/mindynamic.com\/de\/wp-content\/uploads\/sites\/3\/2024\/12\/three-professionals-engage-in-a-lively-business-discussion-at-a-modern-office-desk-focusing-on-teamwork.-6930542-scaled.jpg 2560w, https:\/\/mindynamic.com\/de\/wp-content\/uploads\/sites\/3\/2024\/12\/three-professionals-engage-in-a-lively-business-discussion-at-a-modern-office-desk-focusing-on-teamwork.-6930542-300x203.jpg 300w, https:\/\/mindynamic.com\/de\/wp-content\/uploads\/sites\/3\/2024\/12\/three-professionals-engage-in-a-lively-business-discussion-at-a-modern-office-desk-focusing-on-teamwork.-6930542-1024x693.jpg 1024w, https:\/\/mindynamic.com\/de\/wp-content\/uploads\/sites\/3\/2024\/12\/three-professionals-engage-in-a-lively-business-discussion-at-a-modern-office-desk-focusing-on-teamwork.-6930542-768x520.jpg 768w, https:\/\/mindynamic.com\/de\/wp-content\/uploads\/sites\/3\/2024\/12\/three-professionals-engage-in-a-lively-business-discussion-at-a-modern-office-desk-focusing-on-teamwork.-6930542-1536x1039.jpg 1536w, https:\/\/mindynamic.com\/de\/wp-content\/uploads\/sites\/3\/2024\/12\/three-professionals-engage-in-a-lively-business-discussion-at-a-modern-office-desk-focusing-on-teamwork.-6930542-2048x1386.jpg 2048w\" sizes=\"auto, (max-width: 2560px) 100vw, 2560px\" \/><\/div><\/figure>\n\n\n\n<div class=\"wp-block-kadence-column kadence-column23_f63b25-99\"><div class=\"kt-inside-inner-col\">\n<h4 class=\"wp-block-heading has-md-font-size has-text-color has-link-color wp-elements-c2025b0d7af73f9372f080800667e663\" style=\"color:#000000\">Projektleitung<\/h4>\n\n\n\n<p class=\"has--font-size\">IT-Projekte brauchen eine klare F\u00fchrung. Unsere erfahrenen Projektleiter \u00fcbernehmen die Steuerung Ihrer Vorhaben und sorgen daf\u00fcr, dass Termine, Budgets und Qualit\u00e4tsstandards eingehalten werden. Mit strukturiertem Vorgehen, effektiver Kommunikation und technischem Know-how bringen wir Ihre Projekte sicher ans Ziel \u2013 ob Cloud-Einf\u00fchrung, DevOps-Transformation oder IT-Infrastrukturprojekte.<\/p>\n<\/div><\/div>\n<\/div><\/div>\n\n\n\n<div class=\"wp-block-kadence-column kadence-column23_4b3c5d-eb\"><div class=\"kt-inside-inner-col\">\n<figure class=\"wp-block-kadence-image kb-image23_9dc31f-52 kb-image-is-ratio-size\"><div class=\"kb-is-ratio-image kb-image-ratio-land169\"><img loading=\"lazy\" decoding=\"async\" width=\"1707\" height=\"2560\" src=\"https:\/\/mindynamic.com\/de\/wp-content\/uploads\/sites\/3\/2024\/12\/business-professionals-discussing-work-on-a-laptop-in-an-office-setting.-7437498-scaled.jpg\" alt=\"Business professionals discussing work on a laptop in an office setting.\" class=\"kb-img wp-image-969\" srcset=\"https:\/\/mindynamic.com\/de\/wp-content\/uploads\/sites\/3\/2024\/12\/business-professionals-discussing-work-on-a-laptop-in-an-office-setting.-7437498-scaled.jpg 1707w, https:\/\/mindynamic.com\/de\/wp-content\/uploads\/sites\/3\/2024\/12\/business-professionals-discussing-work-on-a-laptop-in-an-office-setting.-7437498-200x300.jpg 200w, https:\/\/mindynamic.com\/de\/wp-content\/uploads\/sites\/3\/2024\/12\/business-professionals-discussing-work-on-a-laptop-in-an-office-setting.-7437498-683x1024.jpg 683w, https:\/\/mindynamic.com\/de\/wp-content\/uploads\/sites\/3\/2024\/12\/business-professionals-discussing-work-on-a-laptop-in-an-office-setting.-7437498-768x1152.jpg 768w, https:\/\/mindynamic.com\/de\/wp-content\/uploads\/sites\/3\/2024\/12\/business-professionals-discussing-work-on-a-laptop-in-an-office-setting.-7437498-1024x1536.jpg 1024w, https:\/\/mindynamic.com\/de\/wp-content\/uploads\/sites\/3\/2024\/12\/business-professionals-discussing-work-on-a-laptop-in-an-office-setting.-7437498-1365x2048.jpg 1365w\" sizes=\"auto, (max-width: 1707px) 100vw, 1707px\" \/><\/div><\/figure>\n\n\n\n<div class=\"wp-block-kadence-column kadence-column23_e2bbd1-ef\"><div class=\"kt-inside-inner-col\">\n<h4 class=\"wp-block-heading has-md-font-size has-text-color has-link-color wp-elements-07a352c55e0e3a53f87989de85552f38\" style=\"color:#000000\">Projektmitarbeit<\/h4>\n\n\n\n<p class=\"has--font-size\">Wenn Ihnen die richtigen Ressourcen fehlen, springen wir ein. Mit unserer Fachkompetenz unterst\u00fctzen wir Ihr Team flexibel und effektiv in allen Projektphasen \u2013 von der Konzeption bis zur Umsetzung. Ob f\u00fcr Cloud-Migrationen, Sicherheitsprojekte oder Datenplattformen: Unsere Experten bringen das Wissen und die Erfahrung mit, um Ihre Projekte erfolgreich voranzutreiben.<\/p>\n<\/div><\/div>\n<\/div><\/div>\n\n<\/div><\/div><\/div><\/div>\n\n\n\n<div class=\"wp-block-kadence-column kadence-column23_11203d-d4\"><div class=\"kt-inside-inner-col\"><div class=\"kb-row-layout-wrap kb-row-layout-id23_baabdd-f4 alignnone wp-block-kadence-rowlayout\"><div class=\"kt-row-column-wrap kt-has-2-columns kt-row-layout-equal kt-tab-layout-inherit kt-mobile-layout-row kt-row-valign-top kt-inner-column-height-full\">\n\n<div class=\"wp-block-kadence-column kadence-column23_86a84e-a3\"><div class=\"kt-inside-inner-col\">\n<figure class=\"wp-block-kadence-image kb-image23_e9ce65-fb kb-image-is-ratio-size\"><div class=\"kb-is-ratio-image kb-image-ratio-land169\"><img loading=\"lazy\" decoding=\"async\" width=\"2560\" height=\"1700\" src=\"https:\/\/mindynamic.com\/de\/wp-content\/uploads\/sites\/3\/2024\/12\/close-up-of-a-computer-screen-displaying-programming-code-in-a-dark-environment.-546819-scaled.jpg\" alt=\"Close-up of a computer screen displaying programming code in a dark environment.\" class=\"kb-img wp-image-970\" srcset=\"https:\/\/mindynamic.com\/de\/wp-content\/uploads\/sites\/3\/2024\/12\/close-up-of-a-computer-screen-displaying-programming-code-in-a-dark-environment.-546819-scaled.jpg 2560w, https:\/\/mindynamic.com\/de\/wp-content\/uploads\/sites\/3\/2024\/12\/close-up-of-a-computer-screen-displaying-programming-code-in-a-dark-environment.-546819-300x199.jpg 300w, https:\/\/mindynamic.com\/de\/wp-content\/uploads\/sites\/3\/2024\/12\/close-up-of-a-computer-screen-displaying-programming-code-in-a-dark-environment.-546819-1024x680.jpg 1024w, https:\/\/mindynamic.com\/de\/wp-content\/uploads\/sites\/3\/2024\/12\/close-up-of-a-computer-screen-displaying-programming-code-in-a-dark-environment.-546819-768x510.jpg 768w, https:\/\/mindynamic.com\/de\/wp-content\/uploads\/sites\/3\/2024\/12\/close-up-of-a-computer-screen-displaying-programming-code-in-a-dark-environment.-546819-1536x1020.jpg 1536w, https:\/\/mindynamic.com\/de\/wp-content\/uploads\/sites\/3\/2024\/12\/close-up-of-a-computer-screen-displaying-programming-code-in-a-dark-environment.-546819-2048x1360.jpg 2048w\" sizes=\"auto, (max-width: 2560px) 100vw, 2560px\" \/><\/div><\/figure>\n\n\n\n<div class=\"wp-block-kadence-column kadence-column23_483236-43\"><div class=\"kt-inside-inner-col\">\n<h4 class=\"wp-block-heading has-md-font-size has-text-color has-link-color wp-elements-46f35db29121b0a5325832ca8b04dffb\" style=\"color:#000000\">Enterprise Services<\/h4>\n\n\n\n<p class=\"has--font-size\">F\u00fcr Unternehmen, die regelm\u00e4ssige Unterst\u00fctzung oder spezialisierte Leistungen ben\u00f6tigen, bieten wir Eins\u00e4tze an festen Tagen. Unsere Experten stehen Ihnen z. B. w\u00f6chentlich oder monatlich f\u00fcr definierte Aufgaben zur Verf\u00fcgung \u2013 von der Optimierung Ihrer SQL-Server bis hin zur Verwaltung Ihrer Netzwerkinfrastruktur. Planbar, effizient und direkt einsatzbereit.<\/p>\n<\/div><\/div>\n<\/div><\/div>\n\n\n\n<div class=\"wp-block-kadence-column kadence-column23_2d3765-f1\"><div class=\"kt-inside-inner-col\">\n<figure class=\"wp-block-kadence-image kb-image23_75ea0c-68 kb-image-is-ratio-size\"><div class=\"kb-is-ratio-image kb-image-ratio-land169\"><img loading=\"lazy\" decoding=\"async\" width=\"1920\" height=\"1277\" src=\"https:\/\/mindynamic.com\/de\/wp-content\/uploads\/sites\/3\/2024\/12\/document-428331_1920.jpg\" alt=\"\" class=\"kb-img wp-image-975\" srcset=\"https:\/\/mindynamic.com\/de\/wp-content\/uploads\/sites\/3\/2024\/12\/document-428331_1920.jpg 1920w, https:\/\/mindynamic.com\/de\/wp-content\/uploads\/sites\/3\/2024\/12\/document-428331_1920-300x200.jpg 300w, https:\/\/mindynamic.com\/de\/wp-content\/uploads\/sites\/3\/2024\/12\/document-428331_1920-1024x681.jpg 1024w, https:\/\/mindynamic.com\/de\/wp-content\/uploads\/sites\/3\/2024\/12\/document-428331_1920-768x511.jpg 768w, https:\/\/mindynamic.com\/de\/wp-content\/uploads\/sites\/3\/2024\/12\/document-428331_1920-1536x1022.jpg 1536w\" sizes=\"auto, (max-width: 1920px) 100vw, 1920px\" \/><\/div><\/figure>\n\n\n\n<div class=\"wp-block-kadence-column kadence-column23_2621a3-13\"><div class=\"kt-inside-inner-col\">\n<h4 class=\"wp-block-heading has-md-font-size has-text-color has-link-color wp-elements-9409d1afc46e9f32b1aae6d2027d13c5\" style=\"color:#000000\">Service Level Agreement<\/h4>\n\n\n\n<p class=\"has--font-size\">Mit unseren massgeschneiderten SLA-Paketen sichern Sie sich einen zuverl\u00e4ssigen IT-Betrieb. Wir garantieren schnelle Reaktionszeiten, klar definierte Leistungen und einen Support, auf den Sie sich verlassen k\u00f6nnen. Ob es um den Betrieb Ihrer Cloud-Umgebung, Sicherheits\u00fcberwachung oder die Unterst\u00fctzung Ihrer Mitarbeiter geht \u2013 unsere SLAs bieten Ihnen die Sicherheit, die Sie brauchen, und die Flexibilit\u00e4t, die Sie erwarten.<\/p>\n<\/div><\/div>\n<\/div><\/div>\n\n<\/div><\/div><\/div><\/div>\n\n<\/div><\/div>","protected":false},"excerpt":{"rendered":"<p>Unser Service &#8211; Ihr Erfolg Bei Mindynamic stehen Ihre individuellen Anforderungen im Mittelpunkt. Ob Sie umfassende Enterprise-Services ben\u00f6tigen, Unterst\u00fctzung bei einem IT-Projekt suchen oder eine zuverl\u00e4ssige Leitung f\u00fcr Ihre komplexen Vorhaben \u2013 wir sind Ihr kompetenter Partner. Mit unserer Expertise begleiten wir Sie von der Strategie bis zur Umsetzung und bieten Ihnen zudem erstklassigen Support [&hellip;]<\/p>\n","protected":false},"author":1,"featured_media":0,"parent":0,"menu_order":2,"comment_status":"closed","ping_status":"closed","template":"","meta":{"footnotes":""},"class_list":["post-23","page","type-page","status-publish","hentry"],"_links":{"self":[{"href":"https:\/\/mindynamic.com\/de\/wp-json\/wp\/v2\/pages\/23","targetHints":{"allow":["GET"]}}],"collection":[{"href":"https:\/\/mindynamic.com\/de\/wp-json\/wp\/v2\/pages"}],"about":[{"href":"https:\/\/mindynamic.com\/de\/wp-json\/wp\/v2\/types\/page"}],"author":[{"embeddable":true,"href":"https:\/\/mindynamic.com\/de\/wp-json\/wp\/v2\/users\/1"}],"replies":[{"embeddable":true,"href":"https:\/\/mindynamic.com\/de\/wp-json\/wp\/v2\/comments?post=23"}],"version-history":[{"count":26,"href":"https:\/\/mindynamic.com\/de\/wp-json\/wp\/v2\/pages\/23\/revisions"}],"predecessor-version":[{"id":1293,"href":"https:\/\/mindynamic.com\/de\/wp-json\/wp\/v2\/pages\/23\/revisions\/1293"}],"wp:attachment":[{"href":"https:\/\/mindynamic.com\/de\/wp-json\/wp\/v2\/media?parent=23"}],"curies":[{"name":"wp","href":"https:\/\/api.w.org\/{rel}","templated":true}]}}