{"id":28,"date":"2024-11-11T11:50:12","date_gmt":"2024-11-11T10:50:12","guid":{"rendered":"https:\/\/mindynamic.com\/de\/?page_id=28"},"modified":"2024-12-20T10:17:56","modified_gmt":"2024-12-20T09:17:56","slug":"ihr-partner-fuer-innovative-it-loesungen","status":"publish","type":"page","link":"https:\/\/mindynamic.com\/de\/","title":{"rendered":"Home"},"content":{"rendered":"<div class=\"kb-row-layout-wrap kb-row-layout-id28_4a5167-7a alignfull wp-block-kadence-rowlayout\"><div class=\"kt-row-column-wrap kt-has-2-columns kt-row-layout-row kt-tab-layout-inherit kt-mobile-layout-row kt-row-valign-top\">\n\n<div class=\"wp-block-kadence-column kadence-column28_f5a084-ce kb-section-has-overlay kb-section-dir-vertical\"><div class=\"kt-inside-inner-col\"><div class=\"kb-row-layout-wrap kb-row-layout-id28_525137-62 alignnone wp-block-kadence-rowlayout\"><div class=\"kt-row-column-wrap kt-has-1-columns kt-row-layout-equal kt-tab-layout-inherit kt-mobile-layout-row kt-row-valign-top kb-theme-content-width\">\n\n<div class=\"wp-block-kadence-column kadence-column28_7bfd9b-7b kb-section-dir-vertical\"><div class=\"kt-inside-inner-col\">\n<p style=\"margin-bottom:0;padding-bottom:0;font-size:0.8em\">TRUSTED EXCELLENCE<\/p>\n\n\n\n<h1 class=\"wp-block-heading has-xxl-font-size has-text-color has-link-color wp-elements-04fae3dd33e5b628dc4896715fcdb580\" style=\"color:#000000;margin-top:var(--wp--preset--spacing--small);margin-bottom:0;padding-top:0;padding-bottom:0\"><strong>Ihr Partner f\u00fcr innovative IT-L\u00f6sungen<\/strong><\/h1>\n\n\n\n<p class=\"has-md-font-size\"><strong>Meistern Sie die Herausforderungen der Cloud-Transformation mit einem erfahrenen Partner. Wir entwickeln massgeschneiderte Sicherheits- und Cloud-Strategien, die Ihr Unternehmen sicher in die Zukunft bringen<\/strong><\/p>\n\n\n\n<div class=\"wp-block-kadence-advancedbtn kb-buttons-wrap kb-btns28_eca436-0c\"><a class=\"kb-button kt-button button kb-btn28_7d18f9-66 kt-btn-size-standard kt-btn-width-type-auto kb-btn-global-inherit kt-btn-has-text-true kt-btn-has-svg-false  wp-block-button__link wp-block-kadence-singlebtn\" href=\"\/de\/Angebote\"><span class=\"kt-btn-inner-text\">Erfahren Sie mehr<\/span><\/a>\n\n<a class=\"kb-button kt-button button kb-btn28_54d88c-b7 kt-btn-size-standard kt-btn-width-type-auto kb-btn-global-inherit kt-btn-has-text-true kt-btn-has-svg-false  wp-block-button__link wp-block-kadence-singlebtn\" href=\"\/de\/kontakt\"><span class=\"kt-btn-inner-text\">Kostenloses Erstgespr\u00e4ch<\/span><\/a><\/div>\n<\/div><\/div>\n\n<\/div><\/div><\/div><\/div>\n\n\n\n<div class=\"wp-block-kadence-column kadence-column28_9ab0e4-ad\"><div class=\"kt-inside-inner-col\"><div class=\"kb-row-layout-wrap kb-row-layout-id28_206a57-b9 alignnone has-theme-palette9-background-color kt-row-has-bg wp-block-kadence-rowlayout\"><div class=\"kt-row-column-wrap kt-has-4-columns kt-row-layout-equal kt-tab-layout-inherit kt-mobile-layout-row kt-row-valign-top\">\n\n<div class=\"wp-block-kadence-column kadence-column28_3d0e2e-be kb-section-dir-vertical\"><div class=\"kt-inside-inner-col\">\n<div class=\"wp-block-kadence-column kadence-column28_1fd39d-45 kb-section-dir-vertical\"><div class=\"kt-inside-inner-col\">\n<figure class=\"wp-block-kadence-image kb-image28_ec47c3-27 size-medium kb-image-is-ratio-size\"><a href=\"https:\/\/mindynamic.com\/de\/expertise\/#cloud\" class=\"kb-advanced-image-link\"><div class=\"kb-is-ratio-image kb-image-ratio-land32\"><img loading=\"lazy\" decoding=\"async\" width=\"300\" height=\"168\" src=\"https:\/\/mindynamic.com\/de\/wp-content\/uploads\/sites\/3\/2024\/11\/cloud-300x168.jpg\" alt=\"Cloud\" class=\"kb-img wp-image-197\" title=\"Mehr Information \u00fcber Cloud\" srcset=\"https:\/\/mindynamic.com\/de\/wp-content\/uploads\/sites\/3\/2024\/11\/cloud-300x168.jpg 300w, https:\/\/mindynamic.com\/de\/wp-content\/uploads\/sites\/3\/2024\/11\/cloud-1024x574.jpg 1024w, https:\/\/mindynamic.com\/de\/wp-content\/uploads\/sites\/3\/2024\/11\/cloud-768x430.jpg 768w, https:\/\/mindynamic.com\/de\/wp-content\/uploads\/sites\/3\/2024\/11\/cloud-1536x861.jpg 1536w, https:\/\/mindynamic.com\/de\/wp-content\/uploads\/sites\/3\/2024\/11\/cloud.jpg 1920w\" sizes=\"auto, (max-width: 300px) 100vw, 300px\" \/><\/div><\/a><\/figure>\n<\/div><\/div>\n\n\n\n<div class=\"wp-block-kadence-column kadence-column28_19c98e-44 kb-section-dir-vertical\"><div class=\"kt-inside-inner-col\">\n<div class=\"wp-block-kadence-advancedbtn kb-buttons-wrap kb-btns28_3af2e8-16\"><a class=\"kb-button kt-button button kb-btn28_abd15e-4e kt-btn-size-standard kt-btn-width-type-full kb-btn-global-inherit kt-btn-has-text-true kt-btn-has-svg-false  wp-block-button__link wp-block-kadence-singlebtn\" href=\"https:\/\/mindynamic.com\/de\/expertise\/#cloud\"><span class=\"kt-btn-inner-text\">Cloud<\/span><\/a><\/div>\n<\/div><\/div>\n<\/div><\/div>\n\n\n\n<div class=\"wp-block-kadence-column kadence-column28_7c72d0-2b kb-section-dir-vertical\"><div class=\"kt-inside-inner-col\">\n<div class=\"wp-block-kadence-column kadence-column28_488891-91 kb-section-dir-vertical\"><div class=\"kt-inside-inner-col\">\n<figure class=\"wp-block-kadence-image kb-image28_29dbce-cc size-medium kb-image-is-ratio-size\"><a href=\"https:\/\/mindynamic.com\/de\/expertise\/#sicherheit\" class=\"kb-advanced-image-link\"><div class=\"kb-is-ratio-image kb-image-ratio-land32\"><img loading=\"lazy\" decoding=\"async\" width=\"300\" height=\"150\" src=\"https:\/\/mindynamic.com\/de\/wp-content\/uploads\/sites\/3\/2024\/11\/security-300x150.jpg\" alt=\"Mehr Information \u00fcber IT-Sicherheit\" class=\"kb-img wp-image-220\" title=\"Mehr Information \u00fcber IT-Sicherheit\" srcset=\"https:\/\/mindynamic.com\/de\/wp-content\/uploads\/sites\/3\/2024\/11\/security-300x150.jpg 300w, https:\/\/mindynamic.com\/de\/wp-content\/uploads\/sites\/3\/2024\/11\/security-1024x512.jpg 1024w, https:\/\/mindynamic.com\/de\/wp-content\/uploads\/sites\/3\/2024\/11\/security-768x384.jpg 768w, https:\/\/mindynamic.com\/de\/wp-content\/uploads\/sites\/3\/2024\/11\/security-1536x768.jpg 1536w, https:\/\/mindynamic.com\/de\/wp-content\/uploads\/sites\/3\/2024\/11\/security.jpg 1920w\" sizes=\"auto, (max-width: 300px) 100vw, 300px\" \/><\/div><\/a><\/figure>\n<\/div><\/div>\n\n\n\n<div class=\"wp-block-kadence-column kadence-column28_b47972-f7 kb-section-dir-vertical\"><div class=\"kt-inside-inner-col\">\n<div class=\"wp-block-kadence-advancedbtn kb-buttons-wrap kb-btns28_45750f-bd\"><a class=\"kb-button kt-button button kb-btn28_be7527-77 kt-btn-size-small kt-btn-width-type-full kb-btn-global-inherit kt-btn-has-text-true kt-btn-has-svg-false  wp-block-button__link wp-block-kadence-singlebtn\" href=\"https:\/\/mindynamic.com\/de\/expertise\/#sicherheit\"><span class=\"kt-btn-inner-text\">IT-Sicherheit<\/span><\/a><\/div>\n<\/div><\/div>\n<\/div><\/div>\n\n\n\n<div class=\"wp-block-kadence-column kadence-column28_d8a998-ba kb-section-dir-vertical\"><div class=\"kt-inside-inner-col\">\n<div class=\"wp-block-kadence-column kadence-column28_e17fe4-bd kb-section-dir-vertical\"><div class=\"kt-inside-inner-col\">\n<figure class=\"wp-block-kadence-image kb-image28_de9cb0-42 size-medium kb-image-is-ratio-size\"><a href=\"https:\/\/mindynamic.com\/de\/expertise\/#data\" class=\"kb-advanced-image-link\"><div class=\"kb-is-ratio-image kb-image-ratio-land32\"><img loading=\"lazy\" decoding=\"async\" width=\"300\" height=\"183\" src=\"https:\/\/mindynamic.com\/de\/wp-content\/uploads\/sites\/3\/2024\/11\/data-analytics_1920-300x183.jpg\" alt=\"Data &amp; Analytics\" class=\"kb-img wp-image-282\" title=\"Mehr Information \u00fcber Data &amp; Analytics\" srcset=\"https:\/\/mindynamic.com\/de\/wp-content\/uploads\/sites\/3\/2024\/11\/data-analytics_1920-300x183.jpg 300w, https:\/\/mindynamic.com\/de\/wp-content\/uploads\/sites\/3\/2024\/11\/data-analytics_1920-1024x626.jpg 1024w, https:\/\/mindynamic.com\/de\/wp-content\/uploads\/sites\/3\/2024\/11\/data-analytics_1920-768x470.jpg 768w, https:\/\/mindynamic.com\/de\/wp-content\/uploads\/sites\/3\/2024\/11\/data-analytics_1920-1536x939.jpg 1536w, https:\/\/mindynamic.com\/de\/wp-content\/uploads\/sites\/3\/2024\/11\/data-analytics_1920.jpg 1920w\" sizes=\"auto, (max-width: 300px) 100vw, 300px\" \/><\/div><\/a><\/figure>\n<\/div><\/div>\n\n\n\n<div class=\"wp-block-kadence-column kadence-column28_fd5c53-19 kb-section-dir-vertical\"><div class=\"kt-inside-inner-col\">\n<div class=\"wp-block-kadence-advancedbtn kb-buttons-wrap kb-btns28_13b503-fe\"><a class=\"kb-button kt-button button kb-btn28_690384-15 kt-btn-size-small kt-btn-width-type-full kb-btn-global-inherit kt-btn-has-text-true kt-btn-has-svg-false  wp-block-button__link wp-block-kadence-singlebtn\" href=\"https:\/\/mindynamic.com\/de\/expertise\/#data\"><span class=\"kt-btn-inner-text\">Data &amp; Analytics<\/span><\/a><\/div>\n<\/div><\/div>\n<\/div><\/div>\n\n\n\n<div class=\"wp-block-kadence-column kadence-column28_a14f62-de kb-section-dir-vertical\"><div class=\"kt-inside-inner-col\">\n<div class=\"wp-block-kadence-column kadence-column28_e0f197-7b kb-section-dir-vertical\"><div class=\"kt-inside-inner-col\">\n<figure class=\"wp-block-kadence-image kb-image28_20dfb6-4b size-medium kb-image-is-ratio-size\"><a href=\"https:\/\/mindynamic.com\/de\/expertise\/#automation\" class=\"kb-advanced-image-link\"><div class=\"kb-is-ratio-image kb-image-ratio-land32\"><img loading=\"lazy\" decoding=\"async\" width=\"300\" height=\"200\" src=\"https:\/\/mindynamic.com\/de\/wp-content\/uploads\/sites\/3\/2024\/11\/automation_1920-300x200.jpg\" alt=\"Mehr Information \u00fcber Automation\" class=\"kb-img wp-image-283\" title=\"Mehr Information \u00fcber Automation\" srcset=\"https:\/\/mindynamic.com\/de\/wp-content\/uploads\/sites\/3\/2024\/11\/automation_1920-300x200.jpg 300w, https:\/\/mindynamic.com\/de\/wp-content\/uploads\/sites\/3\/2024\/11\/automation_1920-1024x683.jpg 1024w, https:\/\/mindynamic.com\/de\/wp-content\/uploads\/sites\/3\/2024\/11\/automation_1920-768x512.jpg 768w, https:\/\/mindynamic.com\/de\/wp-content\/uploads\/sites\/3\/2024\/11\/automation_1920-1536x1024.jpg 1536w, https:\/\/mindynamic.com\/de\/wp-content\/uploads\/sites\/3\/2024\/11\/automation_1920.jpg 1920w\" sizes=\"auto, (max-width: 300px) 100vw, 300px\" \/><\/div><\/a><\/figure>\n<\/div><\/div>\n\n\n\n<div class=\"wp-block-kadence-column kadence-column28_2ee0c9-66 kb-section-dir-vertical\"><div class=\"kt-inside-inner-col\">\n<div class=\"wp-block-kadence-advancedbtn kb-buttons-wrap kb-btns28_6bd6dd-c5\"><a class=\"kb-button kt-button button kb-btn28_56bf48-31 kt-btn-size-small kt-btn-width-type-full kb-btn-global-inherit kt-btn-has-text-true kt-btn-has-svg-false  wp-block-button__link wp-block-kadence-singlebtn\" href=\"https:\/\/mindynamic.com\/de\/expertise\/#automation\"><span class=\"kt-btn-inner-text\">Automation<\/span><\/a><\/div>\n<\/div><\/div>\n<\/div><\/div>\n\n<\/div><\/div><\/div><\/div>\n\n<\/div><\/div>\n\n<div class=\"kb-row-layout-wrap kb-row-layout-id28_91c512-53 alignfull has-theme-palette9-background-color kt-row-has-bg wp-block-kadence-rowlayout\"><div class=\"kt-row-column-wrap kt-has-2-columns kt-row-layout-equal kt-tab-layout-inherit kt-mobile-layout-row kt-row-valign-top\">\n\n<div class=\"wp-block-kadence-column kadence-column28_e5cfff-15\"><div class=\"kt-inside-inner-col\"><\/div><\/div>\n\n\n\n<div class=\"wp-block-kadence-column kadence-column28_c5025c-2f\"><div class=\"kt-inside-inner-col\">\n<h2 class=\"wp-block-heading has-xl-font-size has-text-color has-link-color wp-elements-0af0bf56a93e2f03f25ecdeacf92ad10\" style=\"color:#010101;margin-top:0;margin-bottom:var(--wp--preset--spacing--small);padding-top:0;padding-bottom:0\">IT-L\u00f6sungen, auf die Sie vertrauen k\u00f6nnen<\/h2>\n\n\n\n<p class=\"has--font-size\">Mindynamic GmbH ist Ihr Spezialist f\u00fcr Cloud-L\u00f6sungen und IT-Sicherheit. Wir entwickeln massgeschneiderte Strategien, die Technologie, Sicherheit und Effizienz vereinen. Mit einem erfahrenen Team und innovativen Ans\u00e4tzen unterst\u00fctzen wir Unternehmen branchen\u00fcbergreifend<\/p>\n\n\n\n<div class=\"wp-block-kadence-advancedbtn kb-buttons-wrap kb-btns28_19c37e-ca\"><a class=\"kb-button kt-button button kb-btn28_6a9aa4-28 kt-btn-size-standard kt-btn-width-type-auto kb-btn-global-inherit kt-btn-has-text-true kt-btn-has-svg-false  wp-block-button__link wp-block-kadence-singlebtn\" href=\"\/de\/Angebote\"><span class=\"kt-btn-inner-text\">Unsere Angebote<\/span><\/a><\/div>\n<\/div><\/div>\n\n<\/div><\/div>\n\n\n<div class=\"wp-block-cover alignfull is-style-blur-image-less\"><span aria-hidden=\"true\" class=\"wp-block-cover__background has-main-background-color has-background-dim-70 has-background-dim\"><\/span><img loading=\"lazy\" decoding=\"async\" width=\"2560\" height=\"1732\" class=\"wp-block-cover__image-background wp-image-968\" alt=\"Three professionals engage in a lively business discussion at a modern office desk, focusing on teamwork.\" src=\"https:\/\/mindynamic.com\/de\/wp-content\/uploads\/sites\/3\/2024\/12\/three-professionals-engage-in-a-lively-business-discussion-at-a-modern-office-desk-focusing-on-teamwork.-6930542-scaled.jpg\" data-object-fit=\"cover\" srcset=\"https:\/\/mindynamic.com\/de\/wp-content\/uploads\/sites\/3\/2024\/12\/three-professionals-engage-in-a-lively-business-discussion-at-a-modern-office-desk-focusing-on-teamwork.-6930542-scaled.jpg 2560w, https:\/\/mindynamic.com\/de\/wp-content\/uploads\/sites\/3\/2024\/12\/three-professionals-engage-in-a-lively-business-discussion-at-a-modern-office-desk-focusing-on-teamwork.-6930542-300x203.jpg 300w, https:\/\/mindynamic.com\/de\/wp-content\/uploads\/sites\/3\/2024\/12\/three-professionals-engage-in-a-lively-business-discussion-at-a-modern-office-desk-focusing-on-teamwork.-6930542-1024x693.jpg 1024w, https:\/\/mindynamic.com\/de\/wp-content\/uploads\/sites\/3\/2024\/12\/three-professionals-engage-in-a-lively-business-discussion-at-a-modern-office-desk-focusing-on-teamwork.-6930542-768x520.jpg 768w, https:\/\/mindynamic.com\/de\/wp-content\/uploads\/sites\/3\/2024\/12\/three-professionals-engage-in-a-lively-business-discussion-at-a-modern-office-desk-focusing-on-teamwork.-6930542-1536x1039.jpg 1536w, https:\/\/mindynamic.com\/de\/wp-content\/uploads\/sites\/3\/2024\/12\/three-professionals-engage-in-a-lively-business-discussion-at-a-modern-office-desk-focusing-on-teamwork.-6930542-2048x1386.jpg 2048w\" sizes=\"auto, (max-width: 2560px) 100vw, 2560px\" \/><div class=\"wp-block-cover__inner-container has-global-padding is-layout-constrained wp-block-cover-is-layout-constrained\">\n<div class=\"wp-block-group alignfull has-base-color has-text-color has-global-padding is-layout-constrained wp-container-core-group-is-layout-a61d31e1 wp-block-group-is-layout-constrained\" style=\"margin-top:0px;margin-bottom:0px;padding-top:var(--wp--preset--spacing--xxx-large);padding-right:var(--wp--preset--spacing--medium);padding-bottom:var(--wp--preset--spacing--xxx-large);padding-left:var(--wp--preset--spacing--medium)\">\n<div class=\"wp-block-group is-layout-flow wp-block-group-is-layout-flow\">\n<div class=\"wp-block-group has-global-padding is-layout-constrained wp-container-core-group-is-layout-f5f3bcb8 wp-block-group-is-layout-constrained\">\n<p class=\"has-text-align-center has-text-color has-small-font-size\" style=\"color:#ffffff;font-style:normal;font-weight:500\">Trusted Excellence<\/p>\n\n\n\n<h1 class=\"wp-block-heading has-text-align-center has-secondary-font-family\" style=\"font-size:clamp(2.2rem, 2.2rem + ((1vw - 0.2rem) * 3.064), 4rem);\">Weil Ihre IT mehr verdient<\/h1>\n<\/div>\n\n\n\n<p class=\"has-text-align-center has-text-color\" style=\"color:#ffffff\">Ihre IT ist das R\u00fcckgrat Ihres Unternehmens \u2013 und verdient mehr als Standardl\u00f6sungen.  Vertrauen Sie auf unser Know-how und erleben Sie, wie wir Ihre IT in einen echten Wettbewerbsvorteil verwandeln.<\/p>\n\n\n\n<div class=\"wp-block-kadence-advancedbtn kb-buttons-wrap kb-btns28_3bc077-7a\"><a class=\"kb-button kt-button button kb-btn28_89f9dc-55 kt-btn-size-standard kt-btn-width-type-auto kb-btn-global-inherit kt-btn-has-text-true kt-btn-has-svg-false  wp-block-button__link wp-block-kadence-singlebtn\" href=\"\/de\/Angebote\"><span class=\"kt-btn-inner-text\">Unsere Expertise<\/span><\/a><\/div>\n<\/div>\n<\/div>\n<\/div><\/div>\n\n\n<div class=\"kb-row-layout-wrap kb-row-layout-id28_8c14fd-0f alignfull has-tertiary-background-color kt-row-has-bg wp-block-kadence-rowlayout\"><div class=\"kt-row-column-wrap kt-has-1-columns kt-row-layout-equal kt-tab-layout-inherit kt-mobile-layout-row kt-row-valign-top\">\n\n<div class=\"wp-block-kadence-column kadence-column28_df9b6d-5f\"><div class=\"kt-inside-inner-col\"><div class=\"kb-row-layout-wrap kb-row-layout-id28_56a4b6-81 alignnone wp-block-kadence-rowlayout\"><div class=\"kt-row-column-wrap kt-has-1-columns kt-row-layout-equal kt-tab-layout-inherit kt-mobile-layout-row kt-row-valign-top\">\n\n<div class=\"wp-block-kadence-column kadence-column28_daacbc-fb\"><div class=\"kt-inside-inner-col\">\n<h2 class=\"wp-block-heading\" style=\"font-style:normal;font-weight:500\">Neuste Beitr\u00e4ge<\/h2>\n<\/div><\/div>\n\n<\/div><\/div>\n\n<div class=\"kb-row-layout-wrap kb-row-layout-id28_59f92c-12 alignnone wp-block-kadence-rowlayout\"><div class=\"kt-row-column-wrap kt-has-1-columns kt-row-layout-equal kt-tab-layout-inherit kt-mobile-layout-row kt-row-valign-top\">\n\n<div class=\"wp-block-kadence-column kadence-column28_62e4be-25\"><div class=\"kt-inside-inner-col\"><ul class=\"wp-block-kadence-posts kb-posts kadence-posts-list kb-posts-id-28_89be54-10 content-wrap grid-cols kb-posts-style-boxed grid-sm-col-2 grid-lg-col-2 item-image-style-above\"><li class=\"kb-post-list-item\">\n\t<article class=\"entry content-bg loop-entry post-1296 post type-post status-publish format-standard has-post-thumbnail hentry category-sicherheit tag-angreifer tag-authentifizierung tag-bitwarden tag-brute-force tag-dictionary tag-entropie tag-hacker tag-komplexitaet tag-passwort tag-passwortmanager\">\n\t\t\t\t<a aria-hidden=\"true\" tabindex=\"-1\" role=\"presentation\" class=\"post-thumbnail kadence-thumbnail-ratio-2-3\" href=\"https:\/\/mindynamic.com\/de\/2024\/12\/14\/passwortsicherheit-im-digitalen-zeitalter-was-wirklich-zaehlt\/\" aria-label=\"Sichere Passw\u00f6rter im KI Zeitalter: Was wirklich z\u00e4hlt\">\n\t\t\t<div class=\"post-thumbnail-inner\">\n\t\t\t\t<img loading=\"lazy\" decoding=\"async\" width=\"1024\" height=\"640\" src=\"https:\/\/mindynamic.com\/de\/wp-content\/uploads\/sites\/3\/2024\/12\/login-7626832_1920-1024x640.jpg\" class=\"attachment-large size-large wp-post-image\" alt=\"sicheres Passwort\" srcset=\"https:\/\/mindynamic.com\/de\/wp-content\/uploads\/sites\/3\/2024\/12\/login-7626832_1920-1024x640.jpg 1024w, https:\/\/mindynamic.com\/de\/wp-content\/uploads\/sites\/3\/2024\/12\/login-7626832_1920-300x188.jpg 300w, https:\/\/mindynamic.com\/de\/wp-content\/uploads\/sites\/3\/2024\/12\/login-7626832_1920-768x480.jpg 768w, https:\/\/mindynamic.com\/de\/wp-content\/uploads\/sites\/3\/2024\/12\/login-7626832_1920-1536x960.jpg 1536w, https:\/\/mindynamic.com\/de\/wp-content\/uploads\/sites\/3\/2024\/12\/login-7626832_1920.jpg 1920w\" sizes=\"auto, (max-width: 1024px) 100vw, 1024px\" \/>\t\t\t<\/div>\n\t\t<\/a><!-- .post-thumbnail -->\n\t\t\t\t<div class=\"entry-content-wrap\">\n\t\t\t<header class=\"entry-header\">\n\t\t<div class=\"entry-taxonomies\">\n\t\t<span class=\"category-links term-links category-style-normal\">\n\t\t\t<a href=\"https:\/\/mindynamic.com\/de\/category\/sicherheit\/\" rel=\"category tag\">IT-Sicherheit<\/a>\t\t<\/span>\n\t<\/div><!-- .entry-taxonomies -->\n\t<h2 class=\"entry-title\"><a href=\"https:\/\/mindynamic.com\/de\/2024\/12\/14\/passwortsicherheit-im-digitalen-zeitalter-was-wirklich-zaehlt\/\" rel=\"bookmark\">Sichere Passw\u00f6rter im KI Zeitalter: Was wirklich z\u00e4hlt<\/a><\/h2>\t<div class=\"entry-meta entry-meta-divider-dot\">\n\t<span class=\"posted-by\"><span class=\"author-avatar\"><span class=\"author-image\"><img alt='' src='https:\/\/secure.gravatar.com\/avatar\/77afbb06327c88ad0aefee75e47408229e7c5961e99c5c96ac16ae2229c47492?s=50&#038;d=robohash&#038;r=g' srcset='https:\/\/secure.gravatar.com\/avatar\/77afbb06327c88ad0aefee75e47408229e7c5961e99c5c96ac16ae2229c47492?s=100&#038;d=robohash&#038;r=g 2x' class='avatar avatar-50 photo' height='50' width='50' \/><\/span><span class=\"image-size-ratio\"><\/span><\/span><span class=\"meta-label\">By<\/span><span class=\"author vcard\"><span class=\"fn n\">pvogler@mindynamic.com<\/span><\/span><\/span>\t\t\t<span class=\"posted-on\">\n\t\t\t\t<time class=\"entry-date published\" datetime=\"2024-12-14T13:09:10+01:00\">14\/12\/2024<\/time><time class=\"updated\" datetime=\"2025-05-02T12:08:57+02:00\">02\/05\/2025<\/time>\t\t\t<\/span>\n\t\t\t\t\t\t<span class=\"category-links\">\n\t\t\t\t<span class=\"category-link-items\"><a href=\"https:\/\/mindynamic.com\/de\/category\/sicherheit\/\" rel=\"category tag\">IT-Sicherheit<\/a><\/span>\t\t\t<\/span>\n\t\t\t\t<\/div><!-- .entry-meta -->\n\t<\/header><!-- .entry-header -->\n\t<div class=\"entry-summary\">\n\t\t<p>Seit Jahrzehnten wurde uns eingebl\u00e4ut, Passw\u00f6rter mit einer Kombination aus Zahlen, Gross- und Kleinbuchstaben sowie Sonderzeichen zu erstellen. Aber ist das tats\u00e4chlich der beste und sicherste Weg? Gibt es vielleicht andere Ans\u00e4tze, um sichere Passw\u00f6rter zu generieren und wie hilft KI Angreifern Passw\u00f6rter zu erraten? Diesen Fragen wollen wir in diesem Beitrag nachgehen. Auch wenn [&hellip;]<\/p>\n\t<\/div><!-- .entry-summary -->\n\t<footer class=\"entry-footer\">\n\t\t\t<div class=\"entry-actions\">\n\t\t\t<p class=\"more-link-wrap\">\n\t\t\t\t<a href=\"https:\/\/mindynamic.com\/de\/2024\/12\/14\/passwortsicherheit-im-digitalen-zeitalter-was-wirklich-zaehlt\/\" class=\"post-more-link\">\n\t\t\t\t\tZum artikel<span class=\"screen-reader-text\"> Sichere Passw\u00f6rter im KI Zeitalter: Was wirklich z\u00e4hlt<\/span><span class=\"kadence-svg-iconset svg-baseline\"><svg aria-hidden=\"true\" class=\"kadence-svg-icon kadence-arrow-right-alt-svg\" fill=\"currentColor\" version=\"1.1\" xmlns=\"http:\/\/www.w3.org\/2000\/svg\" width=\"27\" height=\"28\" viewBox=\"0 0 27 28\"><title>Continue<\/title><path d=\"M27 13.953c0 0.141-0.063 0.281-0.156 0.375l-6 5.531c-0.156 0.141-0.359 0.172-0.547 0.094-0.172-0.078-0.297-0.25-0.297-0.453v-3.5h-19.5c-0.281 0-0.5-0.219-0.5-0.5v-3c0-0.281 0.219-0.5 0.5-0.5h19.5v-3.5c0-0.203 0.109-0.375 0.297-0.453s0.391-0.047 0.547 0.078l6 5.469c0.094 0.094 0.156 0.219 0.156 0.359v0z\"><\/path>\n\t\t\t<\/svg><\/span>\t\t\t\t<\/a>\n\t\t\t<\/p>\n\t\t<\/div><!-- .entry-actions -->\n\t\t<\/footer><!-- .entry-footer -->\t\t<\/div>\n\t<\/article>\n<\/li>\n<\/ul><\/div><\/div>\n\n<\/div><\/div><\/div><\/div>\n\n<\/div><\/div>","protected":false},"excerpt":{"rendered":"<p>TRUSTED EXCELLENCE Ihr Partner f\u00fcr innovative IT-L\u00f6sungen Meistern Sie die Herausforderungen der Cloud-Transformation mit einem erfahrenen Partner. Wir entwickeln massgeschneiderte Sicherheits- und Cloud-Strategien, die Ihr Unternehmen sicher in die Zukunft bringen IT-L\u00f6sungen, auf die Sie vertrauen k\u00f6nnen Mindynamic GmbH ist Ihr Spezialist f\u00fcr Cloud-L\u00f6sungen und IT-Sicherheit. Wir entwickeln massgeschneiderte Strategien, die Technologie, Sicherheit und Effizienz [&hellip;]<\/p>\n","protected":false},"author":1,"featured_media":91,"parent":0,"menu_order":0,"comment_status":"closed","ping_status":"closed","template":"wp-custom-template-startseite","meta":{"footnotes":""},"class_list":["post-28","page","type-page","status-publish","has-post-thumbnail","hentry"],"_links":{"self":[{"href":"https:\/\/mindynamic.com\/de\/wp-json\/wp\/v2\/pages\/28","targetHints":{"allow":["GET"]}}],"collection":[{"href":"https:\/\/mindynamic.com\/de\/wp-json\/wp\/v2\/pages"}],"about":[{"href":"https:\/\/mindynamic.com\/de\/wp-json\/wp\/v2\/types\/page"}],"author":[{"embeddable":true,"href":"https:\/\/mindynamic.com\/de\/wp-json\/wp\/v2\/users\/1"}],"replies":[{"embeddable":true,"href":"https:\/\/mindynamic.com\/de\/wp-json\/wp\/v2\/comments?post=28"}],"version-history":[{"count":215,"href":"https:\/\/mindynamic.com\/de\/wp-json\/wp\/v2\/pages\/28\/revisions"}],"predecessor-version":[{"id":1454,"href":"https:\/\/mindynamic.com\/de\/wp-json\/wp\/v2\/pages\/28\/revisions\/1454"}],"wp:featuredmedia":[{"embeddable":true,"href":"https:\/\/mindynamic.com\/de\/wp-json\/wp\/v2\/media\/91"}],"wp:attachment":[{"href":"https:\/\/mindynamic.com\/de\/wp-json\/wp\/v2\/media?parent=28"}],"curies":[{"name":"wp","href":"https:\/\/api.w.org\/{rel}","templated":true}]}}