{"id":375,"date":"2024-11-17T12:29:23","date_gmt":"2024-11-17T11:29:23","guid":{"rendered":"https:\/\/mindynamic.com\/de\/?page_id=375"},"modified":"2024-12-12T05:10:15","modified_gmt":"2024-12-12T04:10:15","slug":"kontakt","status":"publish","type":"page","link":"https:\/\/mindynamic.com\/de\/kontakt\/","title":{"rendered":"Kontakt"},"content":{"rendered":"<div class=\"kb-row-layout-wrap kb-row-layout-id375_fc0431-1d alignnone wp-block-kadence-rowlayout\"><div class=\"kt-row-column-wrap kt-has-1-columns kt-row-layout-equal kt-tab-layout-inherit kt-mobile-layout-row kt-row-valign-top\">\n\n<div class=\"wp-block-kadence-column kadence-column375_a7fae6-cf\"><div class=\"kt-inside-inner-col\">\n<h2 class=\"wp-block-heading has--font-size has-text-color has-link-color wp-elements-5d001e9829872a38c77036a1764a1d19\" style=\"color:#000000\">Lernen Sie uns kennen \u2013 Ihr Partner f\u00fcr Cloud, Security und Data<\/h2>\n\n\n\n<p class=\"has--font-size\">Buchen Sie jetzt Ihr kostenloses Kennenlerngespr\u00e4ch und erfahren Sie, wie Mindynamic Ihnen dabei hilft, Ihre IT-Herausforderungen effizient zu meistern.<\/p>\n\n\n\n<p class=\"kt-adv-heading375_29ce02-08 wp-block-kadence-advancedheading\" data-kb-block=\"kb-adv-heading375_29ce02-08\"><strong>Warum ein Gespr\u00e4ch mit Mindynamic?<\/strong><\/p>\n\n\n\n<div class=\"wp-block-kadence-iconlist kt-svg-icon-list-items kt-svg-icon-list-items375_11706e-a2 kt-svg-icon-list-columns-1 alignnone\"><ul class=\"kt-svg-icon-list\">\n<li class=\"wp-block-kadence-listitem kt-svg-icon-list-item-wrap kt-svg-icon-list-item-375_66b301-5c\"><span class=\"kb-svg-icon-wrap kb-svg-icon-fe_checkCircle kt-svg-icon-list-single\"><svg viewBox=\"0 0 24 24\"  fill=\"none\" stroke=\"currentColor\" stroke-width=\"2\" stroke-linecap=\"round\" stroke-linejoin=\"round\" xmlns=\"http:\/\/www.w3.org\/2000\/svg\"  aria-hidden=\"true\"><path d=\"M22 11.08V12a10 10 0 1 1-5.93-9.14\"\/><polyline points=\"22 4 12 14.01 9 11.01\"\/><\/svg><\/span><span class=\"kt-svg-icon-list-text\"><strong>Individuelle Beratung:<\/strong> Wir nehmen uns Zeit, Ihre spezifischen Anforderungen zu verstehen.<\/span><\/li>\n\n\n\n<li class=\"wp-block-kadence-listitem kt-svg-icon-list-item-wrap kt-svg-icon-list-item-375_ea5104-4d\"><span class=\"kb-svg-icon-wrap kb-svg-icon-fe_checkCircle kt-svg-icon-list-single\"><svg viewBox=\"0 0 24 24\"  fill=\"none\" stroke=\"currentColor\" stroke-width=\"2\" stroke-linecap=\"round\" stroke-linejoin=\"round\" xmlns=\"http:\/\/www.w3.org\/2000\/svg\"  aria-hidden=\"true\"><path d=\"M22 11.08V12a10 10 0 1 1-5.93-9.14\"\/><polyline points=\"22 4 12 14.01 9 11.01\"\/><\/svg><\/span><span class=\"kt-svg-icon-list-text\"><strong>Expertenwissen:<\/strong> Profitieren Sie von unserer langj\u00e4hrigen Erfahrung in Cloud, Security und Data.<\/span><\/li>\n\n\n\n<li class=\"wp-block-kadence-listitem kt-svg-icon-list-item-wrap kt-svg-icon-list-item-375_60a252-92\"><span class=\"kb-svg-icon-wrap kb-svg-icon-fe_checkCircle kt-svg-icon-list-single\"><svg viewBox=\"0 0 24 24\"  fill=\"none\" stroke=\"currentColor\" stroke-width=\"2\" stroke-linecap=\"round\" stroke-linejoin=\"round\" xmlns=\"http:\/\/www.w3.org\/2000\/svg\"  aria-hidden=\"true\"><path d=\"M22 11.08V12a10 10 0 1 1-5.93-9.14\"\/><polyline points=\"22 4 12 14.01 9 11.01\"\/><\/svg><\/span><span class=\"kt-svg-icon-list-text\"><strong>Kostenlos und unverbindlich:<\/strong> Keine Verpflichtung \u2013 einfach kennenlernen und M\u00f6glichkeiten besprechen.<\/span><\/li>\n<\/ul><\/div>\n<\/div><\/div>\n\n<\/div><\/div>\n\n<div class=\"kb-row-layout-wrap kb-row-layout-id375_873a1b-86 alignnone wp-block-kadence-rowlayout\"><div class=\"kt-row-column-wrap kt-has-1-columns kt-row-layout-equal kt-tab-layout-inherit kt-mobile-layout-row kt-row-valign-top\">\n\n<div class=\"wp-block-kadence-column kadence-column375_5ed393-ae\"><div class=\"kt-inside-inner-col\"><div class=\"kb-row-layout-wrap kb-row-layout-id375_4aae9a-3e alignnone has-tertiary-background-color kt-row-has-bg wp-block-kadence-rowlayout\"><div class=\"kt-row-column-wrap kt-has-2-columns kt-row-layout-equal kt-tab-layout-inherit kt-mobile-layout-row kt-row-valign-top kt-inner-column-height-full\">\n\n<div class=\"wp-block-kadence-column kadence-column375_8c84d6-22\"><div class=\"kt-inside-inner-col\">\n<figure class=\"wp-block-kadence-image kb-image375_177799-0e size-large kb-image-is-ratio-size\"><div class=\"kb-is-ratio-image kb-image-ratio-land43\"><img loading=\"lazy\" decoding=\"async\" width=\"1024\" height=\"768\" src=\"https:\/\/mindynamic.com\/de\/wp-content\/uploads\/sites\/3\/2024\/11\/ai-generated-8582949_1920-1024x768.jpg\" alt=\"\" class=\"kb-img wp-image-441\" srcset=\"https:\/\/mindynamic.com\/de\/wp-content\/uploads\/sites\/3\/2024\/11\/ai-generated-8582949_1920-1024x768.jpg 1024w, https:\/\/mindynamic.com\/de\/wp-content\/uploads\/sites\/3\/2024\/11\/ai-generated-8582949_1920-300x225.jpg 300w, https:\/\/mindynamic.com\/de\/wp-content\/uploads\/sites\/3\/2024\/11\/ai-generated-8582949_1920-768x576.jpg 768w, https:\/\/mindynamic.com\/de\/wp-content\/uploads\/sites\/3\/2024\/11\/ai-generated-8582949_1920-1536x1152.jpg 1536w, https:\/\/mindynamic.com\/de\/wp-content\/uploads\/sites\/3\/2024\/11\/ai-generated-8582949_1920.jpg 1920w\" sizes=\"auto, (max-width: 1024px) 100vw, 1024px\" \/><\/div><\/figure>\n<\/div><\/div>\n\n\n\n<div class=\"wp-block-kadence-column kadence-column375_f95361-9b kb-section-dir-vertical\"><div class=\"kt-inside-inner-col\">\n<h3 class=\"wp-block-heading has--font-size\" style=\"margin-bottom:0;padding-bottom:0\">15 Minuten \u2013 Kurz &amp; Knackig<\/h3>\n\n\n\n<p class=\"has--font-size\" style=\"margin-top:var(--wp--preset--spacing--small);margin-bottom:var(--wp--preset--spacing--small);padding-top:0;padding-bottom:0\">Perfekt f\u00fcr einen ersten Eindruck und eine schnelle Kl\u00e4rung Ihrer Anliegen.<\/p>\n\n\n\n<div class=\"wp-block-kadence-advancedbtn kb-buttons-wrap kb-btns375_836658-c2\"><a class=\"kb-button kt-button button kb-btn375_a2832b-cd kt-btn-size-standard kt-btn-width-type-auto kb-btn-global-fill kt-btn-has-text-true kt-btn-has-svg-false  wp-block-kadence-singlebtn\" href=\"https:\/\/outlook.office365.com\/owa\/calendar\/sharedbooking@mindynamic.ch\/bookings\/s\/2X1Nsix6nUinAWk_phzBvw2\"><span class=\"kt-btn-inner-text\">Termin buchen<\/span><\/a><\/div>\n<\/div><\/div>\n\n<\/div><\/div>\n\n<div class=\"kb-row-layout-wrap kb-row-layout-id375_7c77a8-91 alignnone has-tertiary-background-color kt-row-has-bg wp-block-kadence-rowlayout\"><div class=\"kt-row-column-wrap kt-has-2-columns kt-row-layout-equal kt-tab-layout-inherit kt-mobile-layout-row kt-row-valign-top kt-inner-column-height-full\">\n\n<div class=\"wp-block-kadence-column kadence-column375_c04393-22 kb-section-sm-dir-vertical\"><div class=\"kt-inside-inner-col\">\n<figure class=\"wp-block-kadence-image kb-image375_a831aa-0a kb-image-is-ratio-size\"><div class=\"kb-is-ratio-image kb-image-ratio-land43\"><img loading=\"lazy\" decoding=\"async\" width=\"1920\" height=\"1280\" src=\"https:\/\/mindynamic.com\/de\/wp-content\/uploads\/sites\/3\/2024\/11\/laptop-3196481_1920.jpg\" alt=\"\" class=\"kb-img wp-image-448\" srcset=\"https:\/\/mindynamic.com\/de\/wp-content\/uploads\/sites\/3\/2024\/11\/laptop-3196481_1920.jpg 1920w, https:\/\/mindynamic.com\/de\/wp-content\/uploads\/sites\/3\/2024\/11\/laptop-3196481_1920-300x200.jpg 300w, https:\/\/mindynamic.com\/de\/wp-content\/uploads\/sites\/3\/2024\/11\/laptop-3196481_1920-1024x683.jpg 1024w, https:\/\/mindynamic.com\/de\/wp-content\/uploads\/sites\/3\/2024\/11\/laptop-3196481_1920-768x512.jpg 768w, https:\/\/mindynamic.com\/de\/wp-content\/uploads\/sites\/3\/2024\/11\/laptop-3196481_1920-1536x1024.jpg 1536w\" sizes=\"auto, (max-width: 1920px) 100vw, 1920px\" \/><\/div><\/figure>\n<\/div><\/div>\n\n\n\n<div class=\"wp-block-kadence-column kadence-column375_bb39a1-26 kb-section-dir-vertical\"><div class=\"kt-inside-inner-col\">\n<h3 class=\"wp-block-heading has--font-size\" style=\"margin-bottom:0;padding-bottom:0\">30 Minuten \u2013 Ausf\u00fchrlich &amp; Detailliert<\/h3>\n\n\n\n<p class=\"has--font-size\">Ideal, um Ihre Anforderungen im Detail zu besprechen. Teilen Sie uns Ihr Anliegen vorab in den Notizen mit, damit wir optimal vorbereitet sind.<\/p>\n\n\n\n<div class=\"wp-block-kadence-advancedbtn kb-buttons-wrap kb-btns375_2babbf-71\"><a class=\"kb-button kt-button button kb-btn375_c8ed59-db kt-btn-size-standard kt-btn-width-type-auto kb-btn-global-fill kt-btn-has-text-true kt-btn-has-svg-false  wp-block-kadence-singlebtn\" href=\"https:\/\/outlook.office365.com\/owa\/calendar\/sharedbooking@mindynamic.ch\/bookings\/s\/h58knQDcCkCOTLlHTsFZKQ2\"><span class=\"kt-btn-inner-text\">Termin buchen<\/span><\/a><\/div>\n<\/div><\/div>\n\n<\/div><\/div><\/div><\/div>\n\n<\/div><\/div>\n\n\n<div class=\"wp-block-kadence-spacer aligncenter kt-block-spacer-375_fc4449-b3\"><div class=\"kt-block-spacer kt-block-spacer-halign-center\"><hr class=\"kt-divider\"\/><\/div><\/div>\n\n\n<div class=\"kb-row-layout-wrap kb-row-layout-id375_9c31ae-84 alignnone wp-block-kadence-rowlayout\"><div class=\"kt-row-column-wrap kt-has-1-columns kt-row-layout-equal kt-tab-layout-inherit kt-mobile-layout-row kt-row-valign-top\">\n\n<div class=\"wp-block-kadence-column kadence-column375_d3e173-56\"><div class=\"kt-inside-inner-col\"><style id=\"wpforms-css-vars-387-block-b3e80389-2b93-46cc-805b-204f8daa0e55\">\n\t\t\t\t#wpforms-387.wpforms-block-b3e80389-2b93-46cc-805b-204f8daa0e55 {\n\t\t\t\t--wpforms-label-color: #14111f;\n--wpforms-field-background-color: #fff6f4;\n--wpforms-field-menu-color: #d0ccde;\n--wpforms-button-background-color: #ff8500;\n--wpforms-field-size-input-height: 43px;\n--wpforms-field-size-input-spacing: 15px;\n--wpforms-field-size-font-size: 16px;\n--wpforms-field-size-line-height: 19px;\n--wpforms-field-size-padding-h: 14px;\n--wpforms-field-size-checkbox-size: 16px;\n--wpforms-field-size-sublabel-spacing: 5px;\n--wpforms-field-size-icon-size: 1;\n--wpforms-label-size-font-size: 18px;\n--wpforms-label-size-line-height: 21px;\n--wpforms-label-size-sublabel-font-size: 16px;\n--wpforms-label-size-sublabel-line-height: 19px;\n--wpforms-button-size-font-size: 17px;\n--wpforms-button-size-height: 41px;\n--wpforms-button-size-padding-h: 15px;\n--wpforms-button-size-margin-top: 10px;\n\t\t\t}\n\t\t\t<\/style><div class=\"wpforms-container wpforms-container-full wpforms-block wpforms-block-b3e80389-2b93-46cc-805b-204f8daa0e55 css wpforms-form  font-family roboto sans-serif  wpforms-render-modern\" id=\"wpforms-387\"><form id=\"wpforms-form-387\" class=\"wpforms-validate wpforms-form wpforms-ajax-form\" data-formid=\"387\" method=\"post\" enctype=\"multipart\/form-data\" action=\"\/de\/wp-json\/wp\/v2\/pages\/375\" data-token=\"bd8ef1427d2d57aef508b3952a895f10\" data-token-time=\"1778471612\"><div class=\"wpforms-head-container\"><div class=\"wpforms-title\">Kontaktformular<\/div><div class=\"wpforms-description\">Haben Sie Fragen oder m\u00f6chten Sie mehr \u00fcber unsere IT-Consulting-Dienstleistungen erfahren? Schreiben Sie uns einfach! Nutzen Sie das Formular, um uns Ihr Anliegen mitzuteilen. Wir melden uns so schnell wie m\u00f6glich mit einer passenden Antwort oder L\u00f6sung bei Ihnen.\r\n\r\n\r\nTeilen Sie uns gerne auch mit, wann und wie wir Sie am besten erreichen k\u00f6nnen.\r\n\r\n\r\nM\u00f6chten Sie lieber direkt einen Termin vereinbaren? Kein Problem! Nutzen Sie unsere Terminbuchungsoption, um ein unverbindliches Gespr\u00e4ch mit unseren Experten zu buchen.<\/div><\/div><noscript class=\"wpforms-error-noscript\">Bitte aktivieren Sie JavaScript in Ihrem Browser, um dieses Formular fertigzustellen.<\/noscript><div id=\"wpforms-error-noscript\" style=\"display: none;\">Bitte aktivieren Sie JavaScript in Ihrem Browser, um dieses Formular fertigzustellen.<\/div><div class=\"wpforms-field-container\"><div id=\"wpforms-387-field_4-container\" class=\"wpforms-field wpforms-field-text\" data-field-id=\"4\"><label class=\"wpforms-field-label\" for=\"wpforms-387-field_4\">Firma <span class=\"wpforms-required-label\" aria-hidden=\"true\">*<\/span><\/label><input type=\"text\" id=\"wpforms-387-field_4\" class=\"wpforms-field-small wpforms-field-required\" name=\"wpforms[fields][4]\" aria-errormessage=\"wpforms-387-field_4-error\" required><\/div><div id=\"wpforms-387-field_1-container\" class=\"wpforms-field wpforms-field-name\" data-field-id=\"1\"><fieldset><legend class=\"wpforms-field-label\">Name <span class=\"wpforms-required-label\" aria-hidden=\"true\">*<\/span><\/legend><div class=\"wpforms-field-row wpforms-field-medium\"><div class=\"wpforms-field-row-block wpforms-first wpforms-one-half\"><input type=\"text\" id=\"wpforms-387-field_1\" class=\"wpforms-field-name-first wpforms-field-required\" name=\"wpforms[fields][1][first]\" aria-errormessage=\"wpforms-387-field_1-error\" required><label for=\"wpforms-387-field_1\" class=\"wpforms-field-sublabel after\">Vorname<\/label><\/div><div class=\"wpforms-field-row-block wpforms-one-half\"><input type=\"text\" id=\"wpforms-387-field_1-last\" class=\"wpforms-field-name-last wpforms-field-required\" name=\"wpforms[fields][1][last]\" aria-errormessage=\"wpforms-387-field_1-last-error\" required><label for=\"wpforms-387-field_1-last\" class=\"wpforms-field-sublabel after\">Nachname<\/label><\/div><\/div><\/fieldset><\/div><div id=\"wpforms-387-field_2-container\" class=\"wpforms-field wpforms-field-email\" data-field-id=\"2\"><label class=\"wpforms-field-label\" for=\"wpforms-387-field_2\">E-Mail <span class=\"wpforms-required-label\" aria-hidden=\"true\">*<\/span><\/label><input type=\"email\" id=\"wpforms-387-field_2\" class=\"wpforms-field-medium wpforms-field-required\" name=\"wpforms[fields][2]\" spellcheck=\"false\" aria-errormessage=\"wpforms-387-field_2-error\" required><\/div>\t\t<div id=\"wpforms-387-field_5-container\"\n\t\t\tclass=\"wpforms-field wpforms-field-text\"\n\t\t\tdata-field-type=\"text\"\n\t\t\tdata-field-id=\"5\"\n\t\t\t>\n\t\t\t<label class=\"wpforms-field-label\" for=\"wpforms-387-field_5\" >Firma Nachricht Name<\/label>\n\t\t\t<input type=\"text\" id=\"wpforms-387-field_5\" class=\"wpforms-field-medium\" name=\"wpforms[fields][5]\" >\n\t\t<\/div>\n\t\t<div id=\"wpforms-387-field_3-container\" class=\"wpforms-field wpforms-field-textarea\" data-field-id=\"3\"><label class=\"wpforms-field-label\" for=\"wpforms-387-field_3\">Nachricht<\/label><textarea id=\"wpforms-387-field_3\" class=\"wpforms-field-medium\" name=\"wpforms[fields][3]\" aria-errormessage=\"wpforms-387-field_3-error\" ><\/textarea><\/div><script>\n\t\t\t\t( function() {\n\t\t\t\t\tconst style = document.createElement( 'style' );\n\t\t\t\t\tstyle.appendChild( document.createTextNode( '#wpforms-387-field_5-container { position: absolute !important; overflow: hidden !important; display: inline !important; height: 1px !important; width: 1px !important; z-index: -1000 !important; padding: 0 !important; } #wpforms-387-field_5-container input { visibility: hidden; } #wpforms-conversational-form-page #wpforms-387-field_5-container label { counter-increment: none; }' ) );\n\t\t\t\t\tdocument.head.appendChild( style );\n\t\t\t\t\tdocument.currentScript?.remove();\n\t\t\t\t} )();\n\t\t\t<\/script><\/div><!-- .wpforms-field-container --><div class=\"wpforms-recaptcha-container wpforms-is-turnstile\" ><div class=\"cf-turnstile\" data-sitekey=\"0x4AAAAAAA0Ps41TC-MITlZF\" data-action=\"FormID-387\"><\/div><input type=\"text\" name=\"g-recaptcha-hidden\" class=\"wpforms-recaptcha-hidden\" style=\"position:absolute!important;clip:rect(0,0,0,0)!important;height:1px!important;width:1px!important;border:0!important;overflow:hidden!important;padding:0!important;margin:0!important;\" data-rule-turnstile=\"1\"><\/div><div class=\"wpforms-submit-container\" ><input type=\"hidden\" name=\"wpforms[id]\" value=\"387\"><input type=\"hidden\" name=\"page_title\" value=\"\"><input type=\"hidden\" name=\"page_url\" value=\"https:\/\/mindynamic.com\/de\/wp-json\/wp\/v2\/pages\/375\"><input type=\"hidden\" name=\"url_referer\" value=\"\"><button type=\"submit\" name=\"wpforms[submit]\" id=\"wpforms-submit-387\" class=\"wpforms-submit\" data-alt-text=\"Senden\u2026\" data-submit-text=\"Absenden\" aria-live=\"assertive\" value=\"wpforms-submit\">Absenden<\/button><img loading=\"lazy\" decoding=\"async\" src=\"https:\/\/mindynamic.com\/de\/wp-content\/plugins\/wpforms-lite\/assets\/images\/submit-spin.svg\" class=\"wpforms-submit-spinner\" style=\"display: none;\" width=\"26\" height=\"26\" alt=\"Wird geladen\"><\/div><\/form><\/div>  <!-- .wpforms-container --><\/div><\/div>\n\n<\/div><\/div>","protected":false},"excerpt":{"rendered":"<p>Lernen Sie uns kennen \u2013 Ihr Partner f\u00fcr Cloud, Security und Data Buchen Sie jetzt Ihr kostenloses Kennenlerngespr\u00e4ch und erfahren Sie, wie Mindynamic Ihnen dabei hilft, Ihre IT-Herausforderungen effizient zu meistern. Warum ein Gespr\u00e4ch mit Mindynamic? 15 Minuten \u2013 Kurz &amp; Knackig Perfekt f\u00fcr einen ersten Eindruck und eine schnelle Kl\u00e4rung Ihrer Anliegen. 30 Minuten [&hellip;]<\/p>\n","protected":false},"author":1,"featured_media":0,"parent":0,"menu_order":0,"comment_status":"closed","ping_status":"closed","template":"","meta":{"footnotes":""},"class_list":["post-375","page","type-page","status-publish","hentry"],"_links":{"self":[{"href":"https:\/\/mindynamic.com\/de\/wp-json\/wp\/v2\/pages\/375","targetHints":{"allow":["GET"]}}],"collection":[{"href":"https:\/\/mindynamic.com\/de\/wp-json\/wp\/v2\/pages"}],"about":[{"href":"https:\/\/mindynamic.com\/de\/wp-json\/wp\/v2\/types\/page"}],"author":[{"embeddable":true,"href":"https:\/\/mindynamic.com\/de\/wp-json\/wp\/v2\/users\/1"}],"replies":[{"embeddable":true,"href":"https:\/\/mindynamic.com\/de\/wp-json\/wp\/v2\/comments?post=375"}],"version-history":[{"count":93,"href":"https:\/\/mindynamic.com\/de\/wp-json\/wp\/v2\/pages\/375\/revisions"}],"predecessor-version":[{"id":1253,"href":"https:\/\/mindynamic.com\/de\/wp-json\/wp\/v2\/pages\/375\/revisions\/1253"}],"wp:attachment":[{"href":"https:\/\/mindynamic.com\/de\/wp-json\/wp\/v2\/media?parent=375"}],"curies":[{"name":"wp","href":"https:\/\/api.w.org\/{rel}","templated":true}]}}